{"id":7785,"date":"2018-03-17T13:10:49","date_gmt":"2018-03-17T13:10:49","guid":{"rendered":"https:\/\/www.victorguidini.com\/acerca-de-mi\/"},"modified":"2020-07-20T05:03:35","modified_gmt":"2020-07-20T05:03:35","slug":"acerca-de-mi","status":"publish","type":"page","link":"https:\/\/www.victorguidini.com\/es\/acerca-de-mi\/","title":{"rendered":"Acerca de mi"},"content":{"rendered":"\n<style type=\"text\/css\" data-created_by=\"avia_inline_auto\" id=\"style-css-av-av_section-5d9fe18dbff9ac0e0a80ca511ac6941c\">\n.avia-section.av-av_section-5d9fe18dbff9ac0e0a80ca511ac6941c{\nbackground-repeat:no-repeat;\nbackground-image:url(https:\/\/www.victorguidini.com\/wp-content\/uploads\/2017\/12\/london-skyline-photography.jpg);\nbackground-position:50% 100%;\nbackground-attachment:scroll;\n}\n<\/style>\n<div id='av_section_1'  class='avia-section av-av_section-5d9fe18dbff9ac0e0a80ca511ac6941c main_color avia-section-default avia-no-shadow  avia-builder-el-0  el_before_av_section  avia-builder-el-first  avia-full-contain avia-bg-style-scroll av-minimum-height av-minimum-height-50  container_wrap fullsize'  data-section-bg-repeat='contain' data-av_minimum_height_pc='50'><div class='container av-section-cont-open' ><main  role=\"main\" itemprop=\"mainContentOfPage\"  class='template-page content  av-content-full alpha units'><div class='post-entry post-entry-type-page post-entry-7785'><div class='entry-content-wrapper clearfix'>\n<\/div><\/div><\/main><!-- close content main element --><\/div><\/div>\n<style type=\"text\/css\" data-created_by=\"avia_inline_auto\" id=\"style-css-av-av_section-503c51bb325a4a70592a0ce0f2c03786\">\n.avia-section.av-av_section-503c51bb325a4a70592a0ce0f2c03786{\nbackground-color:#ffffff;\nbackground-image:unset;\n}\n.avia-section.av-av_section-503c51bb325a4a70592a0ce0f2c03786 .av-extra-border-element .av-extra-border-inner{\nbackground-color:#ffffff;\n}\n<\/style>\n<div id='av_section_2'  class='avia-section av-av_section-503c51bb325a4a70592a0ce0f2c03786 main_color avia-section-default avia-no-border-styling  avia-builder-el-1  el_after_av_section  avia-builder-el-last  avia-bg-style-scroll av-arrow-down-section container_wrap fullsize'  ><div class='container av-section-cont-open' ><div class='template-page content  av-content-full alpha units'><div class='post-entry post-entry-type-page post-entry-7785'><div class='entry-content-wrapper clearfix'>\n\n<style type=\"text\/css\" data-created_by=\"avia_inline_auto\" id=\"style-css-av-av_one_fourth-9497bbf8bff73ea4c6992cc17fa9ec36\">\n.flex_column.av-av_one_fourth-9497bbf8bff73ea4c6992cc17fa9ec36{\n-webkit-border-radius:0px 0px 0px 0px;\n-moz-border-radius:0px 0px 0px 0px;\nborder-radius:0px 0px 0px 0px;\npadding:0px 0px 0px 0px;\n}\n<\/style>\n<div class='flex_column av-av_one_fourth-9497bbf8bff73ea4c6992cc17fa9ec36 av_one_fourth  avia-builder-el-2  el_before_av_one_half  avia-builder-el-first  first flex_column_div av-zero-column-padding '     ><\/div>\n<style type=\"text\/css\" data-created_by=\"avia_inline_auto\" id=\"style-css-av-av_one_half-9c1d454dc06f7247226bc4e8f931daae\">\n.flex_column.av-av_one_half-9c1d454dc06f7247226bc4e8f931daae{\n-webkit-border-radius:0px 0px 0px 0px;\n-moz-border-radius:0px 0px 0px 0px;\nborder-radius:0px 0px 0px 0px;\npadding:0px 0px 0px 0px;\n}\n<\/style>\n<div class='flex_column av-av_one_half-9c1d454dc06f7247226bc4e8f931daae av_one_half  avia-builder-el-3  el_after_av_one_fourth  el_before_av_one_fourth  flex_column_div av-zero-column-padding '     ><style type=\"text\/css\" data-created_by=\"avia_inline_auto\" id=\"style-css-av-av_image-55c654a3cd25409c63faf21975d17440\">\n.avia-image-container.av-av_image-55c654a3cd25409c63faf21975d17440 img.avia_image{\nbox-shadow:none;\n}\n.avia-image-container.av-av_image-55c654a3cd25409c63faf21975d17440 .av-image-caption-overlay-center{\ncolor:#ffffff;\n}\n<\/style>\n<div  class='avia-image-container av-av_image-55c654a3cd25409c63faf21975d17440 av-styling-circle avia-align-center  avia-builder-el-4  avia-builder-el-no-sibling '   itemprop=\"image\" itemscope=\"itemscope\" itemtype=\"https:\/\/schema.org\/ImageObject\" ><div class=\"avia-image-container-inner\"><div class=\"avia-image-overlay-wrap\"><img class='wp-image-13244 avia-img-lazy-loading-not-13244 avia_image ' src='https:\/\/www.victorguidini.com\/wp-content\/uploads\/2017\/12\/Photographer.jpg' alt='' title='Photographer'  height=\"400\" width=\"400\"  itemprop=\"thumbnailUrl\"  \/><\/div><\/div><\/div><\/div>\n<style type=\"text\/css\" data-created_by=\"avia_inline_auto\" id=\"style-css-av-av_one_fourth-9c1d454dc06f7247226bc4e8f931daae\">\n.flex_column.av-av_one_fourth-9c1d454dc06f7247226bc4e8f931daae{\n-webkit-border-radius:0px 0px 0px 0px;\n-moz-border-radius:0px 0px 0px 0px;\nborder-radius:0px 0px 0px 0px;\npadding:0px 0px 0px 0px;\n}\n<\/style>\n<div class='flex_column av-av_one_fourth-9c1d454dc06f7247226bc4e8f931daae av_one_fourth  avia-builder-el-5  el_after_av_one_half  el_before_av_heading  flex_column_div av-zero-column-padding '     ><\/div>\n<style type=\"text\/css\" data-created_by=\"avia_inline_auto\" id=\"style-css-av-av_heading-3a006a0247dfefe02680a7049398796c\">\n#top .av-special-heading.av-av_heading-3a006a0247dfefe02680a7049398796c{\npadding-bottom:10px;\nfont-size:44px;\n}\nbody .av-special-heading.av-av_heading-3a006a0247dfefe02680a7049398796c .av-special-heading-tag .heading-char{\nfont-size:25px;\n}\n#top #wrap_all .av-special-heading.av-av_heading-3a006a0247dfefe02680a7049398796c .av-special-heading-tag{\nfont-size:44px;\n}\n.av-special-heading.av-av_heading-3a006a0247dfefe02680a7049398796c .av-subheading{\nfont-size:15px;\n}\n\n@media only screen and (min-width: 480px) and (max-width: 767px){ \n#top #wrap_all .av-special-heading.av-av_heading-3a006a0247dfefe02680a7049398796c .av-special-heading-tag{\nfont-size:0.8em;\n}\n}\n\n@media only screen and (max-width: 479px){ \n#top #wrap_all .av-special-heading.av-av_heading-3a006a0247dfefe02680a7049398796c .av-special-heading-tag{\nfont-size:0.8em;\n}\n}\n<\/style>\n<div  class='av-special-heading av-av_heading-3a006a0247dfefe02680a7049398796c av-special-heading-h2 blockquote modern-quote modern-centered  avia-builder-el-6  el_after_av_one_fourth  el_before_av_one_fourth  av-inherit-size'><h2 class='av-special-heading-tag'  itemprop=\"headline\"  >ACERCA DE MI<\/h2><div class=\"special-heading-border\"><div class=\"special-heading-inner-border\"><\/div><\/div><\/div>\n\n<style type=\"text\/css\" data-created_by=\"avia_inline_auto\" id=\"style-css-av-av_one_fourth-9497bbf8bff73ea4c6992cc17fa9ec36\">\n.flex_column.av-av_one_fourth-9497bbf8bff73ea4c6992cc17fa9ec36{\n-webkit-border-radius:0px 0px 0px 0px;\n-moz-border-radius:0px 0px 0px 0px;\nborder-radius:0px 0px 0px 0px;\npadding:0px 0px 0px 0px;\n}\n<\/style>\n<div class='flex_column av-av_one_fourth-9497bbf8bff73ea4c6992cc17fa9ec36 av_one_fourth  avia-builder-el-7  el_after_av_heading  el_before_av_one_half  first flex_column_div av-zero-column-padding '     ><\/div>\n<style type=\"text\/css\" data-created_by=\"avia_inline_auto\" id=\"style-css-av-av_one_half-9c1d454dc06f7247226bc4e8f931daae\">\n.flex_column.av-av_one_half-9c1d454dc06f7247226bc4e8f931daae{\n-webkit-border-radius:0px 0px 0px 0px;\n-moz-border-radius:0px 0px 0px 0px;\nborder-radius:0px 0px 0px 0px;\npadding:0px 0px 0px 0px;\n}\n<\/style>\n<div class='flex_column av-av_one_half-9c1d454dc06f7247226bc4e8f931daae av_one_half  avia-builder-el-8  el_after_av_one_fourth  el_before_av_one_fourth  flex_column_div av-zero-column-padding '     ><section  class='av_textblock_section av-kcu1n27a-aa49dabb37cb58c5190833fd9d07bd81'  itemscope=\"itemscope\" itemtype=\"https:\/\/schema.org\/CreativeWork\" ><div class='avia_textblock'  itemprop=\"text\" ><p style=\"text-align: justify;\">Hola, mi nombre es Victor y me gusta tomar fotograf\u00edas de parejas que quieren inmortalizar los momentos mas importantes de sus vidas. Capturo im\u00e1genes que recuerdan las emociones y los sentimientos de estos momentos especiales y que ser\u00e1n recordados por generaciones.<\/p>\n<p style=\"text-align: justify;\">Vivir en Londres me ha dado la posibilidad de fotografiar diferentes tipos de bodas, desde convencionales a bodas mas inusuales.\u00a0 He trabajado con parejas alrededor del mundo con diferentes culturas y procedencias.\u00a0 Por favor, h\u00e1game saber si quiere que fotografie su boda en el extranjero( \u00a1me encanta viajar !). He tenido la oportunidad de fotografiar a parejas en diferentes paises como Espa\u00f1a, Grecia, Irlanda, Francia, Brasil, Portugal etc&#8230;<\/p>\n<p style=\"text-align: justify;\">Tengo todo preparado para cubrir tu boda en el extranjero. Siempre estoy abierto a oir todo tipo de ideas, no importa\u00a0 si son inusuales. Mi finalidad es siempre la de fotograf\u00edar bodas de la manera mas espectacular posible y liberarte de cualquier tipo de estres.<\/p>\n<p style=\"text-align: justify;\">Adem\u00e1s de trabajar como fotografo de bodas tengo un amplio conocimiento en arte con mas de 20 a\u00f1os de experiencia. He trabajado como fot\u00f3grafo y operador de c\u00e1mara para Telegraph, British Airways, the Dorchester Hotel and various TV broadcasters.<\/p>\n<p style=\"text-align: justify;\">Tambien he sido m\u00fasico profesional hasta el 2017. He tense\u00f1ado m\u00fasica y solia tocar la guitarra en numerosas bandas tocando \u00a1desde heavy metal hasta jazz! En la universidad estudi\u00e9 Bellas artes y\u00a0 filmaci\u00f3n y media en\u00a0 Birkbeck College, University of London.<\/p>\n<p style=\"text-align: justify;\">He expuesto mis fotografias y videos en diferentes sitios\u00a0 como en el Portobello Film Festival, the Menier Gallery, ME Hotel, Candid Art Trust y la Nesta Gallery. Mis fotografias han\u00a0 sido premiadas por grandes instituciones como la London School of Photography o incluso National Geographic.<\/p>\n<p style=\"text-align: justify;\">Me considera muy afortunado de ser fot\u00f3grafo de bodas y poder centrarme al mismo tiempo en otros tipod de proyectos fotograficos como retratos , boudoir, eventos, fotograf\u00eda de producto, paisajes,comerciales. Si estas interesado\u00a0 en dichos proyectos visita la siguiente p\u00e1gina web:<a href=\"https:\/\/www.victorguidini.co.uk\/\" rel=\"nofollow\">https:\/\/www.victorguidini.co.uk<\/a><\/p>\n<p style=\"text-align: justify;\">Cuenado no estoy trabajando puedes encontrarme tocando la guitarra, cocinando , me encanta probar nuevas recetas. Tambi\u00e9n estoy interesado en el deporte, me encanta el ciclismo. Una vez estuve durante mas de dos semanas recorriendo Islandia en bicicleta. Puedes ver algunas de las fotografias tomadas en aquel viaje en mi otra p\u00e1gina web.\u00a0 <a href=\"https:\/\/www.victorguidini.co.uk\/\" rel=\"nofollow\">https:\/\/www.victorguidini.co.uk<\/a><\/p>\n<p style=\"text-align: justify;\">Si estas buscando un <a href=\"https:\/\/www.victorguidini.com\/es\/fotografo-de-bodas-y-camarografo-en-londres\/\">fotografo o camarografo para tu boda<\/a> no dudes en contactarme a trav\u00e9s de mi email <a href=\"mailto:victorguidini@victorguidini.com\">victorguidini@victorguidini.com<\/a>\u00a0. Tambi\u00e9n puedes llamarme al siguiente n\u00famero +44 7460 738617<\/p>\n<\/div><\/section><\/div>\n<style type=\"text\/css\" data-created_by=\"avia_inline_auto\" id=\"style-css-av-av_one_fourth-9c1d454dc06f7247226bc4e8f931daae\">\n.flex_column.av-av_one_fourth-9c1d454dc06f7247226bc4e8f931daae{\n-webkit-border-radius:0px 0px 0px 0px;\n-moz-border-radius:0px 0px 0px 0px;\nborder-radius:0px 0px 0px 0px;\npadding:0px 0px 0px 0px;\n}\n<\/style>\n<div class='flex_column av-av_one_fourth-9c1d454dc06f7247226bc4e8f931daae av_one_fourth  avia-builder-el-10  el_after_av_one_half  el_before_av_hr  flex_column_div av-zero-column-padding '     ><\/div><div  class='hr av-av_hr-dcd2069817a0e3d34ae04cad8f3443c7 hr-default  avia-builder-el-11  el_after_av_one_fourth  el_before_av_one_fourth '><span class='hr-inner '><span class=\"hr-inner-style\"><\/span><\/span><\/div>\n\n<style type=\"text\/css\" data-created_by=\"avia_inline_auto\" id=\"style-css-av-av_one_fourth-9497bbf8bff73ea4c6992cc17fa9ec36\">\n.flex_column.av-av_one_fourth-9497bbf8bff73ea4c6992cc17fa9ec36{\n-webkit-border-radius:0px 0px 0px 0px;\n-moz-border-radius:0px 0px 0px 0px;\nborder-radius:0px 0px 0px 0px;\npadding:0px 0px 0px 0px;\n}\n<\/style>\n<div class='flex_column av-av_one_fourth-9497bbf8bff73ea4c6992cc17fa9ec36 av_one_fourth  avia-builder-el-12  el_after_av_hr  el_before_av_one_fourth  first flex_column_div av-zero-column-padding '     ><\/div>\n<style type=\"text\/css\" data-created_by=\"avia_inline_auto\" id=\"style-css-av-av_one_fourth-9c1d454dc06f7247226bc4e8f931daae\">\n.flex_column.av-av_one_fourth-9c1d454dc06f7247226bc4e8f931daae{\n-webkit-border-radius:0px 0px 0px 0px;\n-moz-border-radius:0px 0px 0px 0px;\nborder-radius:0px 0px 0px 0px;\npadding:0px 0px 0px 0px;\n}\n<\/style>\n<div class='flex_column av-av_one_fourth-9c1d454dc06f7247226bc4e8f931daae av_one_fourth  avia-builder-el-13  el_after_av_one_fourth  el_before_av_one_fourth  flex_column_div av-zero-column-padding '     ><p>\n<style type=\"text\/css\" data-created_by=\"avia_inline_auto\" id=\"style-css-av-av_image-6ab9e60d5e4db8eeb52eba00959a474a\">\n.avia-image-container.av-av_image-6ab9e60d5e4db8eeb52eba00959a474a img.avia_image{\nbox-shadow:none;\n}\n.avia-image-container.av-av_image-6ab9e60d5e4db8eeb52eba00959a474a .av-image-caption-overlay-center{\ncolor:#ffffff;\n}\n<\/style>\n<div  class='avia-image-container av-av_image-6ab9e60d5e4db8eeb52eba00959a474a av-styling- avia-align-center  avia-builder-el-14  el_before_av_image  avia-builder-el-first '   itemprop=\"image\" itemscope=\"itemscope\" itemtype=\"https:\/\/schema.org\/ImageObject\" ><div class=\"avia-image-container-inner\"><div class=\"avia-image-overlay-wrap\"><img class='wp-image-13256 avia-img-lazy-loading-not-13256 avia_image ' src='https:\/\/www.victorguidini.com\/wp-content\/uploads\/2017\/12\/iceland-photographer.jpg' alt='' title='iceland-photographer'  height=\"250\" width=\"375\"  itemprop=\"thumbnailUrl\"  \/><\/div><\/div><\/div><br \/>\n\n<style type=\"text\/css\" data-created_by=\"avia_inline_auto\" id=\"style-css-av-av_image-5132a334bcb4d2f6b6f929786d728de2\">\n.avia-image-container.av-av_image-5132a334bcb4d2f6b6f929786d728de2 img.avia_image{\nbox-shadow:none;\n}\n.avia-image-container.av-av_image-5132a334bcb4d2f6b6f929786d728de2 .av-image-caption-overlay-center{\ncolor:#ffffff;\n}\n<\/style>\n<div  class='avia-image-container av-av_image-5132a334bcb4d2f6b6f929786d728de2 av-styling- avia-align-center  avia-builder-el-15  el_after_av_image  avia-builder-el-last '   itemprop=\"image\" itemscope=\"itemscope\" itemtype=\"https:\/\/schema.org\/ImageObject\" ><div class=\"avia-image-container-inner\"><div class=\"avia-image-overlay-wrap\"><img class='wp-image-13253 avia-img-lazy-loading-not-13253 avia_image ' src='https:\/\/www.victorguidini.com\/wp-content\/uploads\/2017\/12\/beach-wedding-photographer-1-1.jpg' alt='' title='beach-wedding-photographer-1'  height=\"250\" width=\"375\"  itemprop=\"thumbnailUrl\"  \/><\/div><\/div><\/div><\/p><\/div>\n<style type=\"text\/css\" data-created_by=\"avia_inline_auto\" id=\"style-css-av-av_one_fourth-9c1d454dc06f7247226bc4e8f931daae\">\n.flex_column.av-av_one_fourth-9c1d454dc06f7247226bc4e8f931daae{\n-webkit-border-radius:0px 0px 0px 0px;\n-moz-border-radius:0px 0px 0px 0px;\nborder-radius:0px 0px 0px 0px;\npadding:0px 0px 0px 0px;\n}\n<\/style>\n<div class='flex_column av-av_one_fourth-9c1d454dc06f7247226bc4e8f931daae av_one_fourth  avia-builder-el-16  el_after_av_one_fourth  el_before_av_one_fourth  flex_column_div av-zero-column-padding '     ><p>\n<style type=\"text\/css\" data-created_by=\"avia_inline_auto\" id=\"style-css-av-av_image-dcdf82d2f7d8e720ef39bcd30e37b104\">\n.avia-image-container.av-av_image-dcdf82d2f7d8e720ef39bcd30e37b104 img.avia_image{\nbox-shadow:none;\n}\n.avia-image-container.av-av_image-dcdf82d2f7d8e720ef39bcd30e37b104 .av-image-caption-overlay-center{\ncolor:#ffffff;\n}\n<\/style>\n<div  class='avia-image-container av-av_image-dcdf82d2f7d8e720ef39bcd30e37b104 av-styling- avia-align-center  avia-builder-el-17  el_before_av_image  avia-builder-el-first '   itemprop=\"image\" itemscope=\"itemscope\" itemtype=\"https:\/\/schema.org\/ImageObject\" ><div class=\"avia-image-container-inner\"><div class=\"avia-image-overlay-wrap\"><img class='wp-image-13250 avia-img-lazy-loading-not-13250 avia_image ' src='https:\/\/www.victorguidini.com\/wp-content\/uploads\/2017\/12\/balloon-capadocia-photography-1.jpg' alt='' title='balloon-capadocia-photography'  height=\"250\" width=\"375\"  itemprop=\"thumbnailUrl\"  \/><\/div><\/div><\/div><br \/>\n\n<style type=\"text\/css\" data-created_by=\"avia_inline_auto\" id=\"style-css-av-av_image-97101a295343ee6e5779c888da5c687d\">\n.avia-image-container.av-av_image-97101a295343ee6e5779c888da5c687d img.avia_image{\nbox-shadow:none;\n}\n.avia-image-container.av-av_image-97101a295343ee6e5779c888da5c687d .av-image-caption-overlay-center{\ncolor:#ffffff;\n}\n<\/style>\n<div  class='avia-image-container av-av_image-97101a295343ee6e5779c888da5c687d av-styling- avia-align-center  avia-builder-el-18  el_after_av_image  avia-builder-el-last '   itemprop=\"image\" itemscope=\"itemscope\" itemtype=\"https:\/\/schema.org\/ImageObject\" ><div class=\"avia-image-container-inner\"><div class=\"avia-image-overlay-wrap\"><img class='wp-image-13259 avia-img-lazy-loading-not-13259 avia_image ' src='https:\/\/www.victorguidini.com\/wp-content\/uploads\/2017\/12\/music-wedding-photographer-1.jpg' alt='' title='music-wedding-photographer'  height=\"250\" width=\"375\"  itemprop=\"thumbnailUrl\"  \/><\/div><\/div><\/div><\/p><\/div>\n<style type=\"text\/css\" data-created_by=\"avia_inline_auto\" id=\"style-css-av-av_one_fourth-9c1d454dc06f7247226bc4e8f931daae\">\n.flex_column.av-av_one_fourth-9c1d454dc06f7247226bc4e8f931daae{\n-webkit-border-radius:0px 0px 0px 0px;\n-moz-border-radius:0px 0px 0px 0px;\nborder-radius:0px 0px 0px 0px;\npadding:0px 0px 0px 0px;\n}\n<\/style>\n<div class='flex_column av-av_one_fourth-9c1d454dc06f7247226bc4e8f931daae av_one_fourth  avia-builder-el-19  el_after_av_one_fourth  avia-builder-el-last  flex_column_div av-zero-column-padding '     ><\/div>\n","protected":false},"excerpt":{"rendered":"","protected":false},"author":2,"featured_media":0,"parent":0,"menu_order":0,"comment_status":"open","ping_status":"open","template":"","meta":[],"_links":{"self":[{"href":"https:\/\/www.victorguidini.com\/es\/wp-json\/wp\/v2\/pages\/7785"}],"collection":[{"href":"https:\/\/www.victorguidini.com\/es\/wp-json\/wp\/v2\/pages"}],"about":[{"href":"https:\/\/www.victorguidini.com\/es\/wp-json\/wp\/v2\/types\/page"}],"author":[{"embeddable":true,"href":"https:\/\/www.victorguidini.com\/es\/wp-json\/wp\/v2\/users\/2"}],"replies":[{"embeddable":true,"href":"https:\/\/www.victorguidini.com\/es\/wp-json\/wp\/v2\/comments?post=7785"}],"version-history":[{"count":11,"href":"https:\/\/www.victorguidini.com\/es\/wp-json\/wp\/v2\/pages\/7785\/revisions"}],"predecessor-version":[{"id":16544,"href":"https:\/\/www.victorguidini.com\/es\/wp-json\/wp\/v2\/pages\/7785\/revisions\/16544"}],"wp:attachment":[{"href":"https:\/\/www.victorguidini.com\/es\/wp-json\/wp\/v2\/media?parent=7785"}],"curies":[{"name":"wp","href":"https:\/\/api.w.org\/{rel}","templated":true}]}}