{"id":7905,"date":"2018-03-17T14:01:57","date_gmt":"2018-03-17T14:01:57","guid":{"rendered":"https:\/\/www.victorguidini.com\/camarografo-de-bodas-en-londres\/"},"modified":"2020-03-09T10:07:41","modified_gmt":"2020-03-09T10:07:41","slug":"camarografo-de-bodas-en-londres","status":"publish","type":"page","link":"https:\/\/www.victorguidini.com\/es\/camarografo-de-bodas-en-londres\/","title":{"rendered":"Camarografo de bodas"},"content":{"rendered":"\n<style type=\"text\/css\" data-created_by=\"avia_inline_auto\" id=\"style-css-av-av_section-1f67733a8b1535673b0446085848be48\">\n.avia-section.av-av_section-1f67733a8b1535673b0446085848be48{\nbackground-repeat:no-repeat;\nbackground-image:url(https:\/\/www.victorguidini.com\/wp-content\/uploads\/2017\/06\/wedding-videographer.jpg);\nbackground-position:50% 50%;\nbackground-attachment:scroll;\n}\n<\/style>\n<div id='av_section_1'  class='avia-section av-av_section-1f67733a8b1535673b0446085848be48 main_color avia-section-default avia-no-shadow  avia-builder-el-0  el_before_av_section  avia-builder-el-first  avia-full-contain avia-bg-style-scroll av-minimum-height av-minimum-height-50  container_wrap fullsize'  data-section-bg-repeat='contain' data-av_minimum_height_pc='50'><div class='container av-section-cont-open' ><main  role=\"main\" itemprop=\"mainContentOfPage\"  class='template-page content  av-content-full alpha units'><div class='post-entry post-entry-type-page post-entry-7905'><div class='entry-content-wrapper clearfix'>\n<\/div><\/div><\/main><!-- close content main element --><\/div><\/div>\n<style type=\"text\/css\" data-created_by=\"avia_inline_auto\" id=\"style-css-av-av_section-503c51bb325a4a70592a0ce0f2c03786\">\n.avia-section.av-av_section-503c51bb325a4a70592a0ce0f2c03786{\nbackground-color:#ffffff;\nbackground-image:unset;\n}\n.avia-section.av-av_section-503c51bb325a4a70592a0ce0f2c03786 .av-extra-border-element .av-extra-border-inner{\nbackground-color:#ffffff;\n}\n<\/style>\n<div id='av_section_2'  class='avia-section av-av_section-503c51bb325a4a70592a0ce0f2c03786 main_color avia-section-default avia-no-border-styling  avia-builder-el-1  el_after_av_section  avia-builder-el-last  avia-bg-style-scroll av-arrow-down-section container_wrap fullsize'  ><div class='container av-section-cont-open' ><div class='template-page content  av-content-full alpha units'><div class='post-entry post-entry-type-page post-entry-7905'><div class='entry-content-wrapper clearfix'>\n\n<style type=\"text\/css\" data-created_by=\"avia_inline_auto\" id=\"style-css-av-av_heading-afaee84841d3beed5ba3d790ec415f05\">\n#top .av-special-heading.av-av_heading-afaee84841d3beed5ba3d790ec415f05{\npadding-bottom:10px;\nfont-size:44px;\n}\nbody .av-special-heading.av-av_heading-afaee84841d3beed5ba3d790ec415f05 .av-special-heading-tag .heading-char{\nfont-size:25px;\n}\n#top #wrap_all .av-special-heading.av-av_heading-afaee84841d3beed5ba3d790ec415f05 .av-special-heading-tag{\nfont-size:44px;\n}\n.av-special-heading.av-av_heading-afaee84841d3beed5ba3d790ec415f05 .av-subheading{\nfont-size:15px;\n}\n\n@media only screen and (min-width: 480px) and (max-width: 767px){ \n#top #wrap_all .av-special-heading.av-av_heading-afaee84841d3beed5ba3d790ec415f05 .av-special-heading-tag{\nfont-size:0.8em;\n}\n}\n\n@media only screen and (max-width: 479px){ \n#top #wrap_all .av-special-heading.av-av_heading-afaee84841d3beed5ba3d790ec415f05 .av-special-heading-tag{\nfont-size:0.8em;\n}\n}\n<\/style>\n<div  class='av-special-heading av-av_heading-afaee84841d3beed5ba3d790ec415f05 av-special-heading-h1 blockquote modern-quote modern-centered  avia-builder-el-2  el_before_av_one_fourth  avia-builder-el-first  av-inherit-size'><h1 class='av-special-heading-tag'  itemprop=\"headline\"  >CAMAROGRAFO DE BODAS<\/h1><div class=\"special-heading-border\"><div class=\"special-heading-inner-border\"><\/div><\/div><\/div>\n\n<style type=\"text\/css\" data-created_by=\"avia_inline_auto\" id=\"style-css-av-av_one_fourth-9497bbf8bff73ea4c6992cc17fa9ec36\">\n.flex_column.av-av_one_fourth-9497bbf8bff73ea4c6992cc17fa9ec36{\n-webkit-border-radius:0px 0px 0px 0px;\n-moz-border-radius:0px 0px 0px 0px;\nborder-radius:0px 0px 0px 0px;\npadding:0px 0px 0px 0px;\n}\n<\/style>\n<div class='flex_column av-av_one_fourth-9497bbf8bff73ea4c6992cc17fa9ec36 av_one_fourth  avia-builder-el-3  el_after_av_heading  el_before_av_one_half  first flex_column_div av-zero-column-padding '     ><\/div>\n<style type=\"text\/css\" data-created_by=\"avia_inline_auto\" id=\"style-css-av-av_one_half-9c1d454dc06f7247226bc4e8f931daae\">\n.flex_column.av-av_one_half-9c1d454dc06f7247226bc4e8f931daae{\n-webkit-border-radius:0px 0px 0px 0px;\n-moz-border-radius:0px 0px 0px 0px;\nborder-radius:0px 0px 0px 0px;\npadding:0px 0px 0px 0px;\n}\n<\/style>\n<div class='flex_column av-av_one_half-9c1d454dc06f7247226bc4e8f931daae av_one_half  avia-builder-el-4  el_after_av_one_fourth  el_before_av_one_fourth  flex_column_div av-zero-column-padding '     ><section  class='av_textblock_section av-av_textblock-2de302bf1aa3cf4c9157dbe6f50ac7eb'  itemscope=\"itemscope\" itemtype=\"https:\/\/schema.org\/CreativeWork\" ><div class='avia_textblock'  itemprop=\"text\" ><p style=\"text-align: justify;\">En esta p\u00e1gina encontraras informaci\u00f3n sobre mi servicio como operador de c\u00e1mara de de bodas en Londres y en el extrajnero.<\/p>\n<p style=\"text-align: justify;\">Los videos de bodas son la mejor opci\u00f3n para capturar importantes momentos a tiempo real. Los videos de bodas son ideales ya que te dar\u00e1n la oportunidad de compartir tu gran momento con aquellos amigos o familiares que no pudieron asistir. Si desea una retransmisi\u00f3n en tiempo real, su boda puede\u00a0 puede ser transmitida en vivo por Internet y vista por sus invitados \u00abvirtuales\u00bb en cualquier parte del mundo.<\/p>\n<p style=\"text-align: justify;\">Yo personalmente grabar\u00e9 y editar\u00e9 tu video y me asegurar\u00e9 de entregarte lo mejor en video de bodas.<\/p>\n<p>Los paquetes de video pueden ser dise\u00f1ados a su gusto.<\/p>\n<ul>\n<li>Live stream (a trav\u00e9s de Internet)<\/li>\n<li>V\u00eddeos de Realidad Virtual \/ 360 grados &#8211; con auriculares VR<\/li>\n<li>Edici\u00f3n de los momentos mas memorables<\/li>\n<li>Ceremonia<\/li>\n<li>Testimonio de los invitados<\/li>\n<li>Discursos<\/li>\n<\/ul>\n<p>Si desea contratar este servicio\u00a0p\u00f3ngase en <a href=\"https:\/\/www.victorguidini.com\/es\/contacto\/\" rel=\"nofollow\">contacto<\/a>\u00a0 y cuenteme sus planes. Estoy disponible tanto en Londres como en el extranjero.<\/p>\n<\/div><\/section><\/div>\n<style type=\"text\/css\" data-created_by=\"avia_inline_auto\" id=\"style-css-av-av_one_fourth-9c1d454dc06f7247226bc4e8f931daae\">\n.flex_column.av-av_one_fourth-9c1d454dc06f7247226bc4e8f931daae{\n-webkit-border-radius:0px 0px 0px 0px;\n-moz-border-radius:0px 0px 0px 0px;\nborder-radius:0px 0px 0px 0px;\npadding:0px 0px 0px 0px;\n}\n<\/style>\n<div class='flex_column av-av_one_fourth-9c1d454dc06f7247226bc4e8f931daae av_one_fourth  avia-builder-el-6  el_after_av_one_half  el_before_av_hr  flex_column_div av-zero-column-padding '     ><\/div><div  class='hr av-av_hr-dcd2069817a0e3d34ae04cad8f3443c7 hr-default  avia-builder-el-7  el_after_av_one_fourth  el_before_av_textblock '><span class='hr-inner '><span class=\"hr-inner-style\"><\/span><\/span><\/div>\n<section  class='av_textblock_section av-av_textblock-2de302bf1aa3cf4c9157dbe6f50ac7eb'  itemscope=\"itemscope\" itemtype=\"https:\/\/schema.org\/CreativeWork\" ><div class='avia_textblock'  itemprop=\"text\" ><h2 style=\"text-align: center;\"><strong>Video de bodas<\/strong><\/h2>\n<p style=\"text-align: center;\">(Por favor seleccione \u201cHD\u201d para mejorar la reproducci\u00f3n)<\/p>\n<\/div><\/section>\n\n<style type=\"text\/css\" data-created_by=\"avia_inline_auto\" id=\"style-css-av-av_one_fourth-9497bbf8bff73ea4c6992cc17fa9ec36\">\n.flex_column.av-av_one_fourth-9497bbf8bff73ea4c6992cc17fa9ec36{\n-webkit-border-radius:0px 0px 0px 0px;\n-moz-border-radius:0px 0px 0px 0px;\nborder-radius:0px 0px 0px 0px;\npadding:0px 0px 0px 0px;\n}\n<\/style>\n<div class='flex_column av-av_one_fourth-9497bbf8bff73ea4c6992cc17fa9ec36 av_one_fourth  avia-builder-el-9  el_after_av_textblock  el_before_av_one_half  first flex_column_div av-zero-column-padding column-top-margin'     ><\/div>\n<style type=\"text\/css\" data-created_by=\"avia_inline_auto\" id=\"style-css-av-av_one_half-9c1d454dc06f7247226bc4e8f931daae\">\n.flex_column.av-av_one_half-9c1d454dc06f7247226bc4e8f931daae{\n-webkit-border-radius:0px 0px 0px 0px;\n-moz-border-radius:0px 0px 0px 0px;\nborder-radius:0px 0px 0px 0px;\npadding:0px 0px 0px 0px;\n}\n<\/style>\n<div class='flex_column av-av_one_half-9c1d454dc06f7247226bc4e8f931daae av_one_half  avia-builder-el-10  el_after_av_one_fourth  el_before_av_one_fourth  flex_column_div av-zero-column-padding column-top-margin'     ><div  class='avia-video av-k7kaxdr9-2a76f49fad3f47a2988c155a1b58844c avia-video-16-9 av-no-preview-image avia-video-load-always av-lazyload-immediate av-lazyload-video-embed'  itemprop=\"video\" itemtype=\"https:\/\/schema.org\/VideoObject\"  data-original_url='https:\/\/player.vimeo.com\/video\/396405238'><script type='text\/html' class='av-video-tmpl'><div class='avia-iframe-wrap'><iframe src=\"https:\/\/player.vimeo.com\/video\/396405238?dnt=1&amp;app_id=122963&autoplay=0&loop=0&controls=1&muted=0\" width=\"1500\" height=\"844\" frameborder=\"0\" allow=\"autoplay; fullscreen\" allowfullscreen title=\"WX - YL - Vimeo\"><\/iframe><\/div><\/script><div class='av-click-to-play-overlay'><div class=\"avia_playpause_icon\"><\/div><\/div><\/div><\/div>\n<style type=\"text\/css\" data-created_by=\"avia_inline_auto\" id=\"style-css-av-av_one_fourth-9c1d454dc06f7247226bc4e8f931daae\">\n.flex_column.av-av_one_fourth-9c1d454dc06f7247226bc4e8f931daae{\n-webkit-border-radius:0px 0px 0px 0px;\n-moz-border-radius:0px 0px 0px 0px;\nborder-radius:0px 0px 0px 0px;\npadding:0px 0px 0px 0px;\n}\n<\/style>\n<div class='flex_column av-av_one_fourth-9c1d454dc06f7247226bc4e8f931daae av_one_fourth  avia-builder-el-12  el_after_av_one_half  avia-builder-el-last  flex_column_div av-zero-column-padding column-top-margin'     ><\/div>\n","protected":false},"excerpt":{"rendered":"","protected":false},"author":2,"featured_media":0,"parent":0,"menu_order":0,"comment_status":"closed","ping_status":"closed","template":"","meta":[],"_links":{"self":[{"href":"https:\/\/www.victorguidini.com\/es\/wp-json\/wp\/v2\/pages\/7905"}],"collection":[{"href":"https:\/\/www.victorguidini.com\/es\/wp-json\/wp\/v2\/pages"}],"about":[{"href":"https:\/\/www.victorguidini.com\/es\/wp-json\/wp\/v2\/types\/page"}],"author":[{"embeddable":true,"href":"https:\/\/www.victorguidini.com\/es\/wp-json\/wp\/v2\/users\/2"}],"replies":[{"embeddable":true,"href":"https:\/\/www.victorguidini.com\/es\/wp-json\/wp\/v2\/comments?post=7905"}],"version-history":[{"count":18,"href":"https:\/\/www.victorguidini.com\/es\/wp-json\/wp\/v2\/pages\/7905\/revisions"}],"predecessor-version":[{"id":16538,"href":"https:\/\/www.victorguidini.com\/es\/wp-json\/wp\/v2\/pages\/7905\/revisions\/16538"}],"wp:attachment":[{"href":"https:\/\/www.victorguidini.com\/es\/wp-json\/wp\/v2\/media?parent=7905"}],"curies":[{"name":"wp","href":"https:\/\/api.w.org\/{rel}","templated":true}]}}