{"id":7945,"date":"2018-03-17T14:03:29","date_gmt":"2018-03-17T14:03:29","guid":{"rendered":"https:\/\/www.victorguidini.com\/albumes\/"},"modified":"2018-04-15T17:21:15","modified_gmt":"2018-04-15T17:21:15","slug":"albumes","status":"publish","type":"page","link":"https:\/\/www.victorguidini.com\/es\/albumes\/","title":{"rendered":"Albumes"},"content":{"rendered":"\n<style type=\"text\/css\" data-created_by=\"avia_inline_auto\" id=\"style-css-av-av_section-78c839d741c9ef0e1ece3a464381ac95\">\n.avia-section.av-av_section-78c839d741c9ef0e1ece3a464381ac95{\nbackground-repeat:no-repeat;\nbackground-image:url(https:\/\/www.victorguidini.com\/wp-content\/uploads\/2017\/06\/wedding-album.jpg);\nbackground-position:50% 100%;\nbackground-attachment:scroll;\n}\n<\/style>\n<div id='av_section_1'  class='avia-section av-av_section-78c839d741c9ef0e1ece3a464381ac95 main_color avia-section-large avia-no-border-styling  avia-builder-el-0  el_before_av_section  avia-builder-el-first  avia-full-stretch avia-bg-style-scroll av-minimum-height av-minimum-height-50  container_wrap fullsize'  data-section-bg-repeat='stretch' data-av_minimum_height_pc='50'><div class='container av-section-cont-open' ><main  role=\"main\" itemprop=\"mainContentOfPage\"  class='template-page content  av-content-full alpha units'><div class='post-entry post-entry-type-page post-entry-7945'><div class='entry-content-wrapper clearfix'>\n<\/div><\/div><\/main><!-- close content main element --><\/div><\/div>\n<style type=\"text\/css\" data-created_by=\"avia_inline_auto\" id=\"style-css-av-av_section-273c8c9d7e5a12a90cba1d5fb9e0e858\">\n.avia-section.av-av_section-273c8c9d7e5a12a90cba1d5fb9e0e858{\nbackground-color:#ffffff;\nbackground-image:unset;\n}\n<\/style>\n<div id='av_section_2'  class='avia-section av-av_section-273c8c9d7e5a12a90cba1d5fb9e0e858 main_color avia-section-no-padding avia-no-border-styling  avia-builder-el-1  el_after_av_section  avia-builder-el-last  avia-bg-style-scroll container_wrap fullsize'  ><div class='container av-section-cont-open' ><div class='template-page content  av-content-full alpha units'><div class='post-entry post-entry-type-page post-entry-7945'><div class='entry-content-wrapper clearfix'>\n\n<style type=\"text\/css\" data-created_by=\"avia_inline_auto\" id=\"style-css-av-av_heading-7eef1c476aeff74de847d04c7716e3a3\">\n#top .av-special-heading.av-av_heading-7eef1c476aeff74de847d04c7716e3a3{\npadding-bottom:10px;\nfont-size:44px;\n}\nbody .av-special-heading.av-av_heading-7eef1c476aeff74de847d04c7716e3a3 .av-special-heading-tag .heading-char{\nfont-size:25px;\n}\n#top #wrap_all .av-special-heading.av-av_heading-7eef1c476aeff74de847d04c7716e3a3 .av-special-heading-tag{\nfont-size:44px;\n}\n.av-special-heading.av-av_heading-7eef1c476aeff74de847d04c7716e3a3 .av-subheading{\nfont-size:15px;\n}\n\n@media only screen and (min-width: 480px) and (max-width: 767px){ \n#top #wrap_all .av-special-heading.av-av_heading-7eef1c476aeff74de847d04c7716e3a3 .av-special-heading-tag{\nfont-size:0.8em;\n}\n}\n\n@media only screen and (max-width: 479px){ \n#top #wrap_all .av-special-heading.av-av_heading-7eef1c476aeff74de847d04c7716e3a3 .av-special-heading-tag{\nfont-size:0.8em;\n}\n}\n<\/style>\n<div  class='av-special-heading av-av_heading-7eef1c476aeff74de847d04c7716e3a3 av-special-heading-h2 blockquote modern-quote modern-centered  avia-builder-el-2  el_before_av_one_fourth  avia-builder-el-first  av-inherit-size'><h2 class='av-special-heading-tag'  itemprop=\"headline\"  >ALBUMES<\/h2><div class=\"special-heading-border\"><div class=\"special-heading-inner-border\"><\/div><\/div><\/div>\n\n<style type=\"text\/css\" data-created_by=\"avia_inline_auto\" id=\"style-css-av-av_one_fourth-9497bbf8bff73ea4c6992cc17fa9ec36\">\n.flex_column.av-av_one_fourth-9497bbf8bff73ea4c6992cc17fa9ec36{\n-webkit-border-radius:0px 0px 0px 0px;\n-moz-border-radius:0px 0px 0px 0px;\nborder-radius:0px 0px 0px 0px;\npadding:0px 0px 0px 0px;\n}\n<\/style>\n<div class='flex_column av-av_one_fourth-9497bbf8bff73ea4c6992cc17fa9ec36 av_one_fourth  avia-builder-el-3  el_after_av_heading  el_before_av_one_half  first flex_column_div av-zero-column-padding '     ><\/div>\n<style type=\"text\/css\" data-created_by=\"avia_inline_auto\" id=\"style-css-av-av_one_half-9c1d454dc06f7247226bc4e8f931daae\">\n.flex_column.av-av_one_half-9c1d454dc06f7247226bc4e8f931daae{\n-webkit-border-radius:0px 0px 0px 0px;\n-moz-border-radius:0px 0px 0px 0px;\nborder-radius:0px 0px 0px 0px;\npadding:0px 0px 0px 0px;\n}\n<\/style>\n<div class='flex_column av-av_one_half-9c1d454dc06f7247226bc4e8f931daae av_one_half  avia-builder-el-4  el_after_av_one_fourth  el_before_av_one_fourth  flex_column_div av-zero-column-padding '     ><section  class='av_textblock_section av-av_textblock-2de302bf1aa3cf4c9157dbe6f50ac7eb'  itemscope=\"itemscope\" itemtype=\"https:\/\/schema.org\/CreativeWork\" ><div class='avia_textblock'  itemprop=\"text\" ><p>Los albumes de boda son definitivamente la mejor manera de conservar tus fotograf\u00edas.<\/p>\n<p>Mis albumes de bodas est\u00e1n hechos de materiales de calidad que har\u00e1 nque tus fotograf\u00edas se conserven para siempre. Losalbumes vienen en una caja solida y elegante que los proteje de cualquier da\u00f1o que pueda ser causado.\u00a0 Las p\u00e1ginas del album con el que normalmente trabajo son gruesas y las impresiones las realizo con las mejores impresoras del mercado las cuales ofrecen colores vivos e imagenes con contraste.Los colores,p\u00e1ginas,tama\u00f1os y otras caracter\u00edsticas pueden ser modeladas a su gusto.<\/p>\n<p>Los precios van desde \u00a3350.<\/p>\n<\/div><\/section><\/div>\n<style type=\"text\/css\" data-created_by=\"avia_inline_auto\" id=\"style-css-av-av_one_fourth-9c1d454dc06f7247226bc4e8f931daae\">\n.flex_column.av-av_one_fourth-9c1d454dc06f7247226bc4e8f931daae{\n-webkit-border-radius:0px 0px 0px 0px;\n-moz-border-radius:0px 0px 0px 0px;\nborder-radius:0px 0px 0px 0px;\npadding:0px 0px 0px 0px;\n}\n<\/style>\n<div class='flex_column av-av_one_fourth-9c1d454dc06f7247226bc4e8f931daae av_one_fourth  avia-builder-el-6  el_after_av_one_half  el_before_av_hr  flex_column_div av-zero-column-padding '     ><\/div><div  class='hr av-av_hr-dcd2069817a0e3d34ae04cad8f3443c7 hr-default  avia-builder-el-7  el_after_av_one_fourth  el_before_av_one_third '><span class='hr-inner '><span class=\"hr-inner-style\"><\/span><\/span><\/div>\n\n<style type=\"text\/css\" data-created_by=\"avia_inline_auto\" id=\"style-css-av-av_one_third-9497bbf8bff73ea4c6992cc17fa9ec36\">\n.flex_column.av-av_one_third-9497bbf8bff73ea4c6992cc17fa9ec36{\n-webkit-border-radius:0px 0px 0px 0px;\n-moz-border-radius:0px 0px 0px 0px;\nborder-radius:0px 0px 0px 0px;\npadding:0px 0px 0px 0px;\n}\n<\/style>\n<div class='flex_column av-av_one_third-9497bbf8bff73ea4c6992cc17fa9ec36 av_one_third  avia-builder-el-8  el_after_av_hr  el_before_av_one_third  first flex_column_div av-zero-column-padding '     ><style type=\"text\/css\" data-created_by=\"avia_inline_auto\" id=\"style-css-av-av_image-1857a437b411886581e9709d525491da\">\n.avia-image-container.av-av_image-1857a437b411886581e9709d525491da img.avia_image{\nbox-shadow:none;\n}\n.avia-image-container.av-av_image-1857a437b411886581e9709d525491da .av-image-caption-overlay-center{\ncolor:#ffffff;\n}\n<\/style>\n<div  class='avia-image-container av-av_image-1857a437b411886581e9709d525491da av-styling- avia-align-center  avia-builder-el-9  avia-builder-el-no-sibling '   itemprop=\"image\" itemscope=\"itemscope\" itemtype=\"https:\/\/schema.org\/ImageObject\" ><div class=\"avia-image-container-inner\"><div class=\"avia-image-overlay-wrap\"><img class='wp-image-10094 avia-img-lazy-loading-not-10094 avia_image ' src='https:\/\/www.victorguidini.com\/wp-content\/uploads\/2017\/06\/photography-weddings-album.jpg' alt='' title='photography-weddings-album'  height=\"401\" width=\"600\"  itemprop=\"thumbnailUrl\"  \/><\/div><\/div><\/div><\/div>\n<style type=\"text\/css\" data-created_by=\"avia_inline_auto\" id=\"style-css-av-av_one_third-9c1d454dc06f7247226bc4e8f931daae\">\n.flex_column.av-av_one_third-9c1d454dc06f7247226bc4e8f931daae{\n-webkit-border-radius:0px 0px 0px 0px;\n-moz-border-radius:0px 0px 0px 0px;\nborder-radius:0px 0px 0px 0px;\npadding:0px 0px 0px 0px;\n}\n<\/style>\n<div class='flex_column av-av_one_third-9c1d454dc06f7247226bc4e8f931daae av_one_third  avia-builder-el-10  el_after_av_one_third  el_before_av_one_third  flex_column_div av-zero-column-padding '     ><style type=\"text\/css\" data-created_by=\"avia_inline_auto\" id=\"style-css-av-av_image-93f363248ffc77c10cc1450ec8bce3cb\">\n.avia-image-container.av-av_image-93f363248ffc77c10cc1450ec8bce3cb img.avia_image{\nbox-shadow:none;\n}\n.avia-image-container.av-av_image-93f363248ffc77c10cc1450ec8bce3cb .av-image-caption-overlay-center{\ncolor:#ffffff;\n}\n<\/style>\n<div  class='avia-image-container av-av_image-93f363248ffc77c10cc1450ec8bce3cb av-styling- avia-align-center  avia-builder-el-11  avia-builder-el-no-sibling '   itemprop=\"image\" itemscope=\"itemscope\" itemtype=\"https:\/\/schema.org\/ImageObject\" ><div class=\"avia-image-container-inner\"><div class=\"avia-image-overlay-wrap\"><img class='wp-image-10112 avia-img-lazy-loading-not-10112 avia_image ' src='https:\/\/www.victorguidini.com\/wp-content\/uploads\/2017\/06\/photography-album-1.jpg' alt='' title='photography-album'  height=\"400\" width=\"600\"  itemprop=\"thumbnailUrl\"  \/><\/div><\/div><\/div><\/div>\n<style type=\"text\/css\" data-created_by=\"avia_inline_auto\" id=\"style-css-av-av_one_third-9c1d454dc06f7247226bc4e8f931daae\">\n.flex_column.av-av_one_third-9c1d454dc06f7247226bc4e8f931daae{\n-webkit-border-radius:0px 0px 0px 0px;\n-moz-border-radius:0px 0px 0px 0px;\nborder-radius:0px 0px 0px 0px;\npadding:0px 0px 0px 0px;\n}\n<\/style>\n<div class='flex_column av-av_one_third-9c1d454dc06f7247226bc4e8f931daae av_one_third  avia-builder-el-12  el_after_av_one_third  el_before_av_one_third  flex_column_div av-zero-column-padding '     ><style type=\"text\/css\" data-created_by=\"avia_inline_auto\" id=\"style-css-av-av_image-331895e3d3f0a929223f5832263b81bf\">\n.avia-image-container.av-av_image-331895e3d3f0a929223f5832263b81bf img.avia_image{\nbox-shadow:none;\n}\n.avia-image-container.av-av_image-331895e3d3f0a929223f5832263b81bf .av-image-caption-overlay-center{\ncolor:#ffffff;\n}\n<\/style>\n<div  class='avia-image-container av-av_image-331895e3d3f0a929223f5832263b81bf av-styling- avia-align-center  avia-builder-el-13  avia-builder-el-no-sibling '   itemprop=\"image\" itemscope=\"itemscope\" itemtype=\"https:\/\/schema.org\/ImageObject\" ><div class=\"avia-image-container-inner\"><div class=\"avia-image-overlay-wrap\"><img class='wp-image-10103 avia-img-lazy-loading-not-10103 avia_image ' src='https:\/\/www.victorguidini.com\/wp-content\/uploads\/2017\/06\/wedding-album-photographer.jpg' alt='' title='wedding-album-photographer'  height=\"401\" width=\"600\"  itemprop=\"thumbnailUrl\"  \/><\/div><\/div><\/div><\/div>\n<style type=\"text\/css\" data-created_by=\"avia_inline_auto\" id=\"style-css-av-av_one_third-9497bbf8bff73ea4c6992cc17fa9ec36\">\n.flex_column.av-av_one_third-9497bbf8bff73ea4c6992cc17fa9ec36{\n-webkit-border-radius:0px 0px 0px 0px;\n-moz-border-radius:0px 0px 0px 0px;\nborder-radius:0px 0px 0px 0px;\npadding:0px 0px 0px 0px;\n}\n<\/style>\n<div class='flex_column av-av_one_third-9497bbf8bff73ea4c6992cc17fa9ec36 av_one_third  avia-builder-el-14  el_after_av_one_third  el_before_av_one_third  first flex_column_div av-zero-column-padding column-top-margin'     ><style type=\"text\/css\" data-created_by=\"avia_inline_auto\" id=\"style-css-av-av_image-fa2de8aaf5667724bf7a09ef7687776f\">\n.avia-image-container.av-av_image-fa2de8aaf5667724bf7a09ef7687776f img.avia_image{\nbox-shadow:none;\n}\n.avia-image-container.av-av_image-fa2de8aaf5667724bf7a09ef7687776f .av-image-caption-overlay-center{\ncolor:#ffffff;\n}\n<\/style>\n<div  class='avia-image-container av-av_image-fa2de8aaf5667724bf7a09ef7687776f av-styling- avia-align-center  avia-builder-el-15  avia-builder-el-no-sibling '   itemprop=\"image\" itemscope=\"itemscope\" itemtype=\"https:\/\/schema.org\/ImageObject\" ><div class=\"avia-image-container-inner\"><div class=\"avia-image-overlay-wrap\"><img class='wp-image-10097 avia-img-lazy-loading-not-10097 avia_image ' src='https:\/\/www.victorguidini.com\/wp-content\/uploads\/2017\/06\/wedding-album-design.jpg' alt='' title='wedding-album-design'  height=\"401\" width=\"600\"  itemprop=\"thumbnailUrl\"  \/><\/div><\/div><\/div><\/div>\n<style type=\"text\/css\" data-created_by=\"avia_inline_auto\" id=\"style-css-av-av_one_third-9c1d454dc06f7247226bc4e8f931daae\">\n.flex_column.av-av_one_third-9c1d454dc06f7247226bc4e8f931daae{\n-webkit-border-radius:0px 0px 0px 0px;\n-moz-border-radius:0px 0px 0px 0px;\nborder-radius:0px 0px 0px 0px;\npadding:0px 0px 0px 0px;\n}\n<\/style>\n<div class='flex_column av-av_one_third-9c1d454dc06f7247226bc4e8f931daae av_one_third  avia-builder-el-16  el_after_av_one_third  el_before_av_one_third  flex_column_div av-zero-column-padding column-top-margin'     ><style type=\"text\/css\" data-created_by=\"avia_inline_auto\" id=\"style-css-av-av_image-682dbc4c9d13e766fd565bf705ede3ec\">\n.avia-image-container.av-av_image-682dbc4c9d13e766fd565bf705ede3ec img.avia_image{\nbox-shadow:none;\n}\n.avia-image-container.av-av_image-682dbc4c9d13e766fd565bf705ede3ec .av-image-caption-overlay-center{\ncolor:#ffffff;\n}\n<\/style>\n<div  class='avia-image-container av-av_image-682dbc4c9d13e766fd565bf705ede3ec av-styling- avia-align-center  avia-builder-el-17  avia-builder-el-no-sibling '   itemprop=\"image\" itemscope=\"itemscope\" itemtype=\"https:\/\/schema.org\/ImageObject\" ><div class=\"avia-image-container-inner\"><div class=\"avia-image-overlay-wrap\"><img class='wp-image-10091 avia-img-lazy-loading-not-10091 avia_image ' src='https:\/\/www.victorguidini.com\/wp-content\/uploads\/2017\/06\/album-wedding.jpg' alt='' title='album-wedding'  height=\"400\" width=\"600\"  itemprop=\"thumbnailUrl\"  \/><\/div><\/div><\/div><\/div>\n<style type=\"text\/css\" data-created_by=\"avia_inline_auto\" id=\"style-css-av-av_one_third-9c1d454dc06f7247226bc4e8f931daae\">\n.flex_column.av-av_one_third-9c1d454dc06f7247226bc4e8f931daae{\n-webkit-border-radius:0px 0px 0px 0px;\n-moz-border-radius:0px 0px 0px 0px;\nborder-radius:0px 0px 0px 0px;\npadding:0px 0px 0px 0px;\n}\n<\/style>\n<div class='flex_column av-av_one_third-9c1d454dc06f7247226bc4e8f931daae av_one_third  avia-builder-el-18  el_after_av_one_third  avia-builder-el-last  flex_column_div av-zero-column-padding column-top-margin'     ><style type=\"text\/css\" data-created_by=\"avia_inline_auto\" id=\"style-css-av-av_image-005467b4e44f8b95798590bc0b0c9d5b\">\n.avia-image-container.av-av_image-005467b4e44f8b95798590bc0b0c9d5b img.avia_image{\nbox-shadow:none;\n}\n.avia-image-container.av-av_image-005467b4e44f8b95798590bc0b0c9d5b .av-image-caption-overlay-center{\ncolor:#ffffff;\n}\n<\/style>\n<div  class='avia-image-container av-av_image-005467b4e44f8b95798590bc0b0c9d5b av-styling- avia-align-center  avia-builder-el-19  avia-builder-el-no-sibling '   itemprop=\"image\" itemscope=\"itemscope\" itemtype=\"https:\/\/schema.org\/ImageObject\" ><div class=\"avia-image-container-inner\"><div class=\"avia-image-overlay-wrap\"><img class='wp-image-10100 avia-img-lazy-loading-not-10100 avia_image ' src='https:\/\/www.victorguidini.com\/wp-content\/uploads\/2017\/06\/wedding-album-italy.jpg' alt='' title='wedding-album-italy'  height=\"398\" width=\"600\"  itemprop=\"thumbnailUrl\"  \/><\/div><\/div><\/div><\/div>\n\n","protected":false},"excerpt":{"rendered":"","protected":false},"author":2,"featured_media":0,"parent":0,"menu_order":0,"comment_status":"closed","ping_status":"closed","template":"","meta":[],"_links":{"self":[{"href":"https:\/\/www.victorguidini.com\/es\/wp-json\/wp\/v2\/pages\/7945"}],"collection":[{"href":"https:\/\/www.victorguidini.com\/es\/wp-json\/wp\/v2\/pages"}],"about":[{"href":"https:\/\/www.victorguidini.com\/es\/wp-json\/wp\/v2\/types\/page"}],"author":[{"embeddable":true,"href":"https:\/\/www.victorguidini.com\/es\/wp-json\/wp\/v2\/users\/2"}],"replies":[{"embeddable":true,"href":"https:\/\/www.victorguidini.com\/es\/wp-json\/wp\/v2\/comments?post=7945"}],"version-history":[{"count":8,"href":"https:\/\/www.victorguidini.com\/es\/wp-json\/wp\/v2\/pages\/7945\/revisions"}],"predecessor-version":[{"id":9001,"href":"https:\/\/www.victorguidini.com\/es\/wp-json\/wp\/v2\/pages\/7945\/revisions\/9001"}],"wp:attachment":[{"href":"https:\/\/www.victorguidini.com\/es\/wp-json\/wp\/v2\/media?parent=7945"}],"curies":[{"name":"wp","href":"https:\/\/api.w.org\/{rel}","templated":true}]}}