{"id":7496,"date":"2018-03-14T07:08:04","date_gmt":"2018-03-14T07:08:04","guid":{"rendered":"https:\/\/www.victorguidini.com\/victor\/"},"modified":"2020-07-20T05:02:01","modified_gmt":"2020-07-20T05:02:01","slug":"victor","status":"publish","type":"page","link":"https:\/\/www.victorguidini.com\/it\/victor\/","title":{"rendered":"Victor"},"content":{"rendered":"\n<style type=\"text\/css\" data-created_by=\"avia_inline_auto\" id=\"style-css-av-av_section-5d9fe18dbff9ac0e0a80ca511ac6941c\">\n.avia-section.av-av_section-5d9fe18dbff9ac0e0a80ca511ac6941c{\nbackground-repeat:no-repeat;\nbackground-image:url(https:\/\/www.victorguidini.com\/wp-content\/uploads\/2017\/12\/london-skyline-photography.jpg);\nbackground-position:50% 100%;\nbackground-attachment:scroll;\n}\n<\/style>\n<div id='av_section_1'  class='avia-section av-av_section-5d9fe18dbff9ac0e0a80ca511ac6941c main_color avia-section-default avia-no-shadow  avia-builder-el-0  el_before_av_section  avia-builder-el-first  avia-full-contain avia-bg-style-scroll av-minimum-height av-minimum-height-50  container_wrap fullsize'  data-section-bg-repeat='contain' data-av_minimum_height_pc='50'><div class='container av-section-cont-open' ><main  role=\"main\" itemprop=\"mainContentOfPage\"  class='template-page content  av-content-full alpha units'><div class='post-entry post-entry-type-page post-entry-7496'><div class='entry-content-wrapper clearfix'>\n<\/div><\/div><\/main><!-- close content main element --><\/div><\/div>\n<style type=\"text\/css\" data-created_by=\"avia_inline_auto\" id=\"style-css-av-av_section-503c51bb325a4a70592a0ce0f2c03786\">\n.avia-section.av-av_section-503c51bb325a4a70592a0ce0f2c03786{\nbackground-color:#ffffff;\nbackground-image:unset;\n}\n.avia-section.av-av_section-503c51bb325a4a70592a0ce0f2c03786 .av-extra-border-element .av-extra-border-inner{\nbackground-color:#ffffff;\n}\n<\/style>\n<div id='av_section_2'  class='avia-section av-av_section-503c51bb325a4a70592a0ce0f2c03786 main_color avia-section-default avia-no-border-styling  avia-builder-el-1  el_after_av_section  avia-builder-el-last  avia-bg-style-scroll av-arrow-down-section container_wrap fullsize'  ><div class='container av-section-cont-open' ><div class='template-page content  av-content-full alpha units'><div class='post-entry post-entry-type-page post-entry-7496'><div class='entry-content-wrapper clearfix'>\n\n<style type=\"text\/css\" data-created_by=\"avia_inline_auto\" id=\"style-css-av-av_one_fourth-9497bbf8bff73ea4c6992cc17fa9ec36\">\n.flex_column.av-av_one_fourth-9497bbf8bff73ea4c6992cc17fa9ec36{\n-webkit-border-radius:0px 0px 0px 0px;\n-moz-border-radius:0px 0px 0px 0px;\nborder-radius:0px 0px 0px 0px;\npadding:0px 0px 0px 0px;\n}\n<\/style>\n<div class='flex_column av-av_one_fourth-9497bbf8bff73ea4c6992cc17fa9ec36 av_one_fourth  avia-builder-el-2  el_before_av_one_half  avia-builder-el-first  first flex_column_div av-zero-column-padding '     ><\/div>\n<style type=\"text\/css\" data-created_by=\"avia_inline_auto\" id=\"style-css-av-av_one_half-9c1d454dc06f7247226bc4e8f931daae\">\n.flex_column.av-av_one_half-9c1d454dc06f7247226bc4e8f931daae{\n-webkit-border-radius:0px 0px 0px 0px;\n-moz-border-radius:0px 0px 0px 0px;\nborder-radius:0px 0px 0px 0px;\npadding:0px 0px 0px 0px;\n}\n<\/style>\n<div class='flex_column av-av_one_half-9c1d454dc06f7247226bc4e8f931daae av_one_half  avia-builder-el-3  el_after_av_one_fourth  el_before_av_one_fourth  flex_column_div av-zero-column-padding '     ><style type=\"text\/css\" data-created_by=\"avia_inline_auto\" id=\"style-css-av-av_image-1274206209a4b148ef1e73598f9e94bb\">\n.avia-image-container.av-av_image-1274206209a4b148ef1e73598f9e94bb img.avia_image{\nbox-shadow:none;\n}\n.avia-image-container.av-av_image-1274206209a4b148ef1e73598f9e94bb .av-image-caption-overlay-center{\ncolor:#ffffff;\n}\n<\/style>\n<div  class='avia-image-container av-av_image-1274206209a4b148ef1e73598f9e94bb av-styling-circle avia-align-center  avia-builder-el-4  avia-builder-el-no-sibling '   itemprop=\"image\" itemscope=\"itemscope\" itemtype=\"https:\/\/schema.org\/ImageObject\" ><div class=\"avia-image-container-inner\"><div class=\"avia-image-overlay-wrap\"><img class='wp-image-13242 avia-img-lazy-loading-not-13242 avia_image ' src='https:\/\/www.victorguidini.com\/wp-content\/uploads\/2017\/12\/Photographer.jpg' alt='' title='Photographer'  height=\"400\" width=\"400\"  itemprop=\"thumbnailUrl\"  \/><\/div><\/div><\/div><\/div>\n<style type=\"text\/css\" data-created_by=\"avia_inline_auto\" id=\"style-css-av-av_one_fourth-9c1d454dc06f7247226bc4e8f931daae\">\n.flex_column.av-av_one_fourth-9c1d454dc06f7247226bc4e8f931daae{\n-webkit-border-radius:0px 0px 0px 0px;\n-moz-border-radius:0px 0px 0px 0px;\nborder-radius:0px 0px 0px 0px;\npadding:0px 0px 0px 0px;\n}\n<\/style>\n<div class='flex_column av-av_one_fourth-9c1d454dc06f7247226bc4e8f931daae av_one_fourth  avia-builder-el-5  el_after_av_one_half  el_before_av_heading  flex_column_div av-zero-column-padding '     ><\/div>\n<style type=\"text\/css\" data-created_by=\"avia_inline_auto\" id=\"style-css-av-av_heading-f9a624e9d4dbf19f85c718047ecd8449\">\n#top .av-special-heading.av-av_heading-f9a624e9d4dbf19f85c718047ecd8449{\npadding-bottom:10px;\nfont-size:44px;\n}\nbody .av-special-heading.av-av_heading-f9a624e9d4dbf19f85c718047ecd8449 .av-special-heading-tag .heading-char{\nfont-size:25px;\n}\n#top #wrap_all .av-special-heading.av-av_heading-f9a624e9d4dbf19f85c718047ecd8449 .av-special-heading-tag{\nfont-size:44px;\n}\n.av-special-heading.av-av_heading-f9a624e9d4dbf19f85c718047ecd8449 .av-subheading{\nfont-size:15px;\n}\n\n@media only screen and (min-width: 480px) and (max-width: 767px){ \n#top #wrap_all .av-special-heading.av-av_heading-f9a624e9d4dbf19f85c718047ecd8449 .av-special-heading-tag{\nfont-size:0.8em;\n}\n}\n\n@media only screen and (max-width: 479px){ \n#top #wrap_all .av-special-heading.av-av_heading-f9a624e9d4dbf19f85c718047ecd8449 .av-special-heading-tag{\nfont-size:0.8em;\n}\n}\n<\/style>\n<div  class='av-special-heading av-av_heading-f9a624e9d4dbf19f85c718047ecd8449 av-special-heading-h2 blockquote modern-quote modern-centered  avia-builder-el-6  el_after_av_one_fourth  el_before_av_one_fourth  av-inherit-size'><h2 class='av-special-heading-tag'  itemprop=\"headline\"  >Victor<\/h2><div class=\"special-heading-border\"><div class=\"special-heading-inner-border\"><\/div><\/div><\/div>\n\n<style type=\"text\/css\" data-created_by=\"avia_inline_auto\" id=\"style-css-av-av_one_fourth-9497bbf8bff73ea4c6992cc17fa9ec36\">\n.flex_column.av-av_one_fourth-9497bbf8bff73ea4c6992cc17fa9ec36{\n-webkit-border-radius:0px 0px 0px 0px;\n-moz-border-radius:0px 0px 0px 0px;\nborder-radius:0px 0px 0px 0px;\npadding:0px 0px 0px 0px;\n}\n<\/style>\n<div class='flex_column av-av_one_fourth-9497bbf8bff73ea4c6992cc17fa9ec36 av_one_fourth  avia-builder-el-7  el_after_av_heading  el_before_av_one_half  first flex_column_div av-zero-column-padding '     ><\/div>\n<style type=\"text\/css\" data-created_by=\"avia_inline_auto\" id=\"style-css-av-av_one_half-9c1d454dc06f7247226bc4e8f931daae\">\n.flex_column.av-av_one_half-9c1d454dc06f7247226bc4e8f931daae{\n-webkit-border-radius:0px 0px 0px 0px;\n-moz-border-radius:0px 0px 0px 0px;\nborder-radius:0px 0px 0px 0px;\npadding:0px 0px 0px 0px;\n}\n<\/style>\n<div class='flex_column av-av_one_half-9c1d454dc06f7247226bc4e8f931daae av_one_half  avia-builder-el-8  el_after_av_one_fourth  el_before_av_one_fourth  flex_column_div av-zero-column-padding '     ><section  class='av_textblock_section av-av_textblock-2de302bf1aa3cf4c9157dbe6f50ac7eb'  itemscope=\"itemscope\" itemtype=\"https:\/\/schema.org\/CreativeWork\" ><div class='avia_textblock'  itemprop=\"text\" ><p style=\"text-align: justify;\"><span lang=\"IT\">Ciao, mi chiamo Victor. Realizzo foto e video per le coppie che vogliono registrare i momenti pi\u00f9 importanti della loro vita. Quello che faccio \u00e8 catturare le immagini che vi faranno ricordare le emozioni e i sentimenti legati a quei momenti speciali, e che rimarranno nella memoria per generazioni.<\/span><\/p>\n<p style=\"text-align: justify;\"><span lang=\"IT\">Vivendo a Londra, ho avuto l&#8217;opportunit\u00e0 di fotografare tutti i tipi di coppie e di matrimoni, dai pi\u00f9 tradizionali ai pi\u00f9 contemporanei. Ho lavorato con coppie di tutto il mondo e delle pi\u00f9 svariate culture. Se volete che il vostro matrimonio, elopement o fidanzamento sia fotografato in un altro paese, basta chiamarmi &#8211; Adoro i destination wedding! Ho gi\u00e0 fotografato coppie in giro per paesi come Spagna, Grecia, Irlanda, Francia, Inghilterra, Brasile, Portogallo, Danimarca&#8230;<\/span><\/p>\n<p style=\"text-align: justify;\"><span lang=\"IT\">Ho tutto il <em>know-how<\/em> e la logistica necessari per fotografare il vostro destination wedding. Sono sempre disponibile ad ascoltare le vostre idee, dalle pi\u00f9 semplici alle pi\u00f9 strane! Il mio obiettivo \u00e8 quello di fotografare le pi\u00f9 belle immagini, offrendo una sessione fotografica serena e senza stress.<\/span><\/p>\n<p style=\"text-align: justify;\"><span lang=\"IT\">Oltre a lavorare come fotografo e videomaker per coppie e matrimoni, ho pi\u00f9 di 20 anni di esperienza di lavoro con le arti. Ho lavorato come cameraman e fotografo per varie aziende come The Telegraph, British Airways, Dorchester Hotel, Rede Record e molte altre.<\/span><\/p>\n<p style=\"text-align: justify;\"><span lang=\"IT\">Inoltre, ho lavorato come musicista professionista fino al 2007 e sono stato responsabile dello studio di registrazione del Museu da Imagem e do Som &#8211; Museo dell&#8217;Immagine e del Suono (MIS-SP) dal 2009 al 2012. Ho frequentato la facolt\u00e0 di musica della UDESC e un Master in Cinema alla Birkbeck &#8211; University of London<\/span><\/p>\n<p style=\"text-align: justify;\"><span lang=\"IT\">Ho esposto le mie foto e i miei video in molti posti, come il Festival de foto de Tiradentes, Portobello Film Festival, the Menier Gallery, ME Hotel, Candid Art Trust, the Nesta Gallery, e molti altri. Le mie foto hanno vinto vari premi di rinomate istituzioni come la London School of Photography and National Geographic.<\/span><\/p>\n<p style=\"text-align: justify;\"><span lang=\"IT\">Sono molto felice di essere un <a href=\"https:\/\/www.victorguidini.com\/it\/videomaker-e-fotografo-a-londra\/\">fotografo y videomaker<\/a> a tempo pieno. Per quanto i matrimoni e le coppie siano il mio obiettivo principale, lavoro anche con ritratti, boudoir, spettacoli, pubblicit\u00e0, belle arti\u2026 e do lezioni ai fotografi. Se volete saperne di pi\u00f9 su questi progetti, potete accedere a questo sito:\u00a0 <a href=\"https:\/\/www.victorguidini.co.uk\" rel=\"nofollow\">https:\/\/www.victorguidini.co.uk<\/a> (solo in inglese, per ora)<\/span><\/p>\n<p style=\"text-align: justify;\"><span lang=\"IT\">Se volete assumermi, basta scrivermi a <a href=\"mailto:victorguidini@victorguidini.com\">victorguidini@victorguidini.com<\/a>\u00a0o chiamarmi \/ whatsapp al +44 7460738617 <\/span><\/p>\n<\/div><\/section><\/div>\n<style type=\"text\/css\" data-created_by=\"avia_inline_auto\" id=\"style-css-av-av_one_fourth-9c1d454dc06f7247226bc4e8f931daae\">\n.flex_column.av-av_one_fourth-9c1d454dc06f7247226bc4e8f931daae{\n-webkit-border-radius:0px 0px 0px 0px;\n-moz-border-radius:0px 0px 0px 0px;\nborder-radius:0px 0px 0px 0px;\npadding:0px 0px 0px 0px;\n}\n<\/style>\n<div class='flex_column av-av_one_fourth-9c1d454dc06f7247226bc4e8f931daae av_one_fourth  avia-builder-el-10  el_after_av_one_half  el_before_av_hr  flex_column_div av-zero-column-padding '     ><\/div><div  class='hr av-av_hr-dcd2069817a0e3d34ae04cad8f3443c7 hr-default  avia-builder-el-11  el_after_av_one_fourth  el_before_av_one_fourth '><span class='hr-inner '><span class=\"hr-inner-style\"><\/span><\/span><\/div>\n\n<style type=\"text\/css\" data-created_by=\"avia_inline_auto\" id=\"style-css-av-av_one_fourth-9497bbf8bff73ea4c6992cc17fa9ec36\">\n.flex_column.av-av_one_fourth-9497bbf8bff73ea4c6992cc17fa9ec36{\n-webkit-border-radius:0px 0px 0px 0px;\n-moz-border-radius:0px 0px 0px 0px;\nborder-radius:0px 0px 0px 0px;\npadding:0px 0px 0px 0px;\n}\n<\/style>\n<div class='flex_column av-av_one_fourth-9497bbf8bff73ea4c6992cc17fa9ec36 av_one_fourth  avia-builder-el-12  el_after_av_hr  el_before_av_one_fourth  first flex_column_div av-zero-column-padding '     ><\/div>\n<style type=\"text\/css\" data-created_by=\"avia_inline_auto\" id=\"style-css-av-av_one_fourth-9c1d454dc06f7247226bc4e8f931daae\">\n.flex_column.av-av_one_fourth-9c1d454dc06f7247226bc4e8f931daae{\n-webkit-border-radius:0px 0px 0px 0px;\n-moz-border-radius:0px 0px 0px 0px;\nborder-radius:0px 0px 0px 0px;\npadding:0px 0px 0px 0px;\n}\n<\/style>\n<div class='flex_column av-av_one_fourth-9c1d454dc06f7247226bc4e8f931daae av_one_fourth  avia-builder-el-13  el_after_av_one_fourth  el_before_av_one_fourth  flex_column_div av-zero-column-padding '     ><p>\n<style type=\"text\/css\" data-created_by=\"avia_inline_auto\" id=\"style-css-av-av_image-71ea822e3152bfd134177979da19eece\">\n.avia-image-container.av-av_image-71ea822e3152bfd134177979da19eece img.avia_image{\nbox-shadow:none;\n}\n.avia-image-container.av-av_image-71ea822e3152bfd134177979da19eece .av-image-caption-overlay-center{\ncolor:#ffffff;\n}\n<\/style>\n<div  class='avia-image-container av-av_image-71ea822e3152bfd134177979da19eece av-styling- avia-align-center  avia-builder-el-14  el_before_av_image  avia-builder-el-first '   itemprop=\"image\" itemscope=\"itemscope\" itemtype=\"https:\/\/schema.org\/ImageObject\" ><div class=\"avia-image-container-inner\"><div class=\"avia-image-overlay-wrap\"><img class='wp-image-13254 avia-img-lazy-loading-not-13254 avia_image ' src='https:\/\/www.victorguidini.com\/wp-content\/uploads\/2017\/12\/iceland-photographer.jpg' alt='' title='iceland-photographer'  height=\"250\" width=\"375\"  itemprop=\"thumbnailUrl\"  \/><\/div><\/div><\/div><br \/>\n\n<style type=\"text\/css\" data-created_by=\"avia_inline_auto\" id=\"style-css-av-av_image-291758cb06d46280412cbf0ed4df8d40\">\n.avia-image-container.av-av_image-291758cb06d46280412cbf0ed4df8d40 img.avia_image{\nbox-shadow:none;\n}\n.avia-image-container.av-av_image-291758cb06d46280412cbf0ed4df8d40 .av-image-caption-overlay-center{\ncolor:#ffffff;\n}\n<\/style>\n<div  class='avia-image-container av-av_image-291758cb06d46280412cbf0ed4df8d40 av-styling- avia-align-center  avia-builder-el-15  el_after_av_image  avia-builder-el-last '   itemprop=\"image\" itemscope=\"itemscope\" itemtype=\"https:\/\/schema.org\/ImageObject\" ><div class=\"avia-image-container-inner\"><div class=\"avia-image-overlay-wrap\"><img class='wp-image-13251 avia-img-lazy-loading-not-13251 avia_image ' src='https:\/\/www.victorguidini.com\/wp-content\/uploads\/2017\/12\/beach-wedding-photographer-1-1.jpg' alt='' title='beach-wedding-photographer-1'  height=\"250\" width=\"375\"  itemprop=\"thumbnailUrl\"  \/><\/div><\/div><\/div><\/p><\/div>\n<style type=\"text\/css\" data-created_by=\"avia_inline_auto\" id=\"style-css-av-av_one_fourth-9c1d454dc06f7247226bc4e8f931daae\">\n.flex_column.av-av_one_fourth-9c1d454dc06f7247226bc4e8f931daae{\n-webkit-border-radius:0px 0px 0px 0px;\n-moz-border-radius:0px 0px 0px 0px;\nborder-radius:0px 0px 0px 0px;\npadding:0px 0px 0px 0px;\n}\n<\/style>\n<div class='flex_column av-av_one_fourth-9c1d454dc06f7247226bc4e8f931daae av_one_fourth  avia-builder-el-16  el_after_av_one_fourth  el_before_av_one_fourth  flex_column_div av-zero-column-padding '     ><p>\n<style type=\"text\/css\" data-created_by=\"avia_inline_auto\" id=\"style-css-av-av_image-0df0d5a2d7b4f81411faf7060a25ea55\">\n.avia-image-container.av-av_image-0df0d5a2d7b4f81411faf7060a25ea55 img.avia_image{\nbox-shadow:none;\n}\n.avia-image-container.av-av_image-0df0d5a2d7b4f81411faf7060a25ea55 .av-image-caption-overlay-center{\ncolor:#ffffff;\n}\n<\/style>\n<div  class='avia-image-container av-av_image-0df0d5a2d7b4f81411faf7060a25ea55 av-styling- avia-align-center  avia-builder-el-17  el_before_av_image  avia-builder-el-first '   itemprop=\"image\" itemscope=\"itemscope\" itemtype=\"https:\/\/schema.org\/ImageObject\" ><div class=\"avia-image-container-inner\"><div class=\"avia-image-overlay-wrap\"><img class='wp-image-13248 avia-img-lazy-loading-not-13248 avia_image ' src='https:\/\/www.victorguidini.com\/wp-content\/uploads\/2017\/12\/balloon-capadocia-photography-1.jpg' alt='' title='balloon-capadocia-photography'  height=\"250\" width=\"375\"  itemprop=\"thumbnailUrl\"  \/><\/div><\/div><\/div><br \/>\n\n<style type=\"text\/css\" data-created_by=\"avia_inline_auto\" id=\"style-css-av-av_image-8fab2ad49ac21e7adf01d7285567e470\">\n.avia-image-container.av-av_image-8fab2ad49ac21e7adf01d7285567e470 img.avia_image{\nbox-shadow:none;\n}\n.avia-image-container.av-av_image-8fab2ad49ac21e7adf01d7285567e470 .av-image-caption-overlay-center{\ncolor:#ffffff;\n}\n<\/style>\n<div  class='avia-image-container av-av_image-8fab2ad49ac21e7adf01d7285567e470 av-styling- avia-align-center  avia-builder-el-18  el_after_av_image  avia-builder-el-last '   itemprop=\"image\" itemscope=\"itemscope\" itemtype=\"https:\/\/schema.org\/ImageObject\" ><div class=\"avia-image-container-inner\"><div class=\"avia-image-overlay-wrap\"><img class='wp-image-13257 avia-img-lazy-loading-not-13257 avia_image ' src='https:\/\/www.victorguidini.com\/wp-content\/uploads\/2017\/12\/music-wedding-photographer-1.jpg' alt='' title='music-wedding-photographer'  height=\"250\" width=\"375\"  itemprop=\"thumbnailUrl\"  \/><\/div><\/div><\/div><\/p><\/div>\n<style type=\"text\/css\" data-created_by=\"avia_inline_auto\" id=\"style-css-av-av_one_fourth-9c1d454dc06f7247226bc4e8f931daae\">\n.flex_column.av-av_one_fourth-9c1d454dc06f7247226bc4e8f931daae{\n-webkit-border-radius:0px 0px 0px 0px;\n-moz-border-radius:0px 0px 0px 0px;\nborder-radius:0px 0px 0px 0px;\npadding:0px 0px 0px 0px;\n}\n<\/style>\n<div class='flex_column av-av_one_fourth-9c1d454dc06f7247226bc4e8f931daae av_one_fourth  avia-builder-el-19  el_after_av_one_fourth  avia-builder-el-last  flex_column_div av-zero-column-padding '     ><\/div>\n","protected":false},"excerpt":{"rendered":"","protected":false},"author":2,"featured_media":0,"parent":0,"menu_order":0,"comment_status":"open","ping_status":"open","template":"","meta":[],"_links":{"self":[{"href":"https:\/\/www.victorguidini.com\/it\/wp-json\/wp\/v2\/pages\/7496"}],"collection":[{"href":"https:\/\/www.victorguidini.com\/it\/wp-json\/wp\/v2\/pages"}],"about":[{"href":"https:\/\/www.victorguidini.com\/it\/wp-json\/wp\/v2\/types\/page"}],"author":[{"embeddable":true,"href":"https:\/\/www.victorguidini.com\/it\/wp-json\/wp\/v2\/users\/2"}],"replies":[{"embeddable":true,"href":"https:\/\/www.victorguidini.com\/it\/wp-json\/wp\/v2\/comments?post=7496"}],"version-history":[{"count":11,"href":"https:\/\/www.victorguidini.com\/it\/wp-json\/wp\/v2\/pages\/7496\/revisions"}],"predecessor-version":[{"id":16542,"href":"https:\/\/www.victorguidini.com\/it\/wp-json\/wp\/v2\/pages\/7496\/revisions\/16542"}],"wp:attachment":[{"href":"https:\/\/www.victorguidini.com\/it\/wp-json\/wp\/v2\/media?parent=7496"}],"curies":[{"name":"wp","href":"https:\/\/api.w.org\/{rel}","templated":true}]}}