{"id":5090,"date":"2017-12-15T17:44:19","date_gmt":"2017-12-15T17:44:19","guid":{"rendered":"https:\/\/www.victorguidini.com\/investimento\/"},"modified":"2022-11-11T09:03:32","modified_gmt":"2022-11-11T09:03:32","slug":"investimento","status":"publish","type":"page","link":"https:\/\/www.victorguidini.com\/pt-br\/investimento\/","title":{"rendered":"Investimento"},"content":{"rendered":"\n<style type=\"text\/css\" data-created_by=\"avia_inline_auto\" id=\"style-css-av-av_section-275f360191942c29d5759b6d64868956\">\n.avia-section.av-av_section-275f360191942c29d5759b6d64868956{\nbackground-color:#ffffff;\nbackground-image:url(https:\/\/www.victorguidini.com\/wp-content\/uploads\/2016\/12\/wedding-ring-photography-2.jpg);\nbackground-repeat:no-repeat;\nbackground-position:50% 50%;\nbackground-attachment:scroll;\n}\n<\/style>\n<div id='who'  class='avia-section av-av_section-275f360191942c29d5759b6d64868956 main_color avia-section-large avia-no-border-styling  avia-builder-el-0  el_before_av_section  avia-builder-el-first  avia-full-stretch avia-bg-style-scroll av-minimum-height av-minimum-height-50  container_wrap fullsize'  data-section-bg-repeat='stretch' data-av_minimum_height_pc='50'><div class='container av-section-cont-open' ><main  role=\"main\" itemprop=\"mainContentOfPage\"  class='template-page content  av-content-full alpha units'><div class='post-entry post-entry-type-page post-entry-5090'><div class='entry-content-wrapper clearfix'>\n<\/div><\/div><\/main><!-- close content main element --><\/div><\/div>\n<style type=\"text\/css\" data-created_by=\"avia_inline_auto\" id=\"style-css-av-av_section-503c51bb325a4a70592a0ce0f2c03786\">\n.avia-section.av-av_section-503c51bb325a4a70592a0ce0f2c03786{\nbackground-color:#ffffff;\nbackground-image:unset;\n}\n.avia-section.av-av_section-503c51bb325a4a70592a0ce0f2c03786 .av-extra-border-element .av-extra-border-inner{\nbackground-color:#ffffff;\n}\n<\/style>\n<div id='av_section_2'  class='avia-section av-av_section-503c51bb325a4a70592a0ce0f2c03786 main_color avia-section-default avia-no-border-styling  avia-builder-el-1  el_after_av_section  avia-builder-el-last  avia-bg-style-scroll av-arrow-down-section container_wrap fullsize'  ><div class='container av-section-cont-open' ><div class='template-page content  av-content-full alpha units'><div class='post-entry post-entry-type-page post-entry-5090'><div class='entry-content-wrapper clearfix'>\n\n<style type=\"text\/css\" data-created_by=\"avia_inline_auto\" id=\"style-css-av-av_heading-63f221a450a3cb18c8d2703fb8ee80cd\">\n#top .av-special-heading.av-av_heading-63f221a450a3cb18c8d2703fb8ee80cd{\npadding-bottom:10px;\nfont-size:44px;\n}\nbody .av-special-heading.av-av_heading-63f221a450a3cb18c8d2703fb8ee80cd .av-special-heading-tag .heading-char{\nfont-size:25px;\n}\n#top #wrap_all .av-special-heading.av-av_heading-63f221a450a3cb18c8d2703fb8ee80cd .av-special-heading-tag{\nfont-size:44px;\n}\n.av-special-heading.av-av_heading-63f221a450a3cb18c8d2703fb8ee80cd .av-subheading{\nfont-size:15px;\n}\n\n@media only screen and (min-width: 480px) and (max-width: 767px){ \n#top #wrap_all .av-special-heading.av-av_heading-63f221a450a3cb18c8d2703fb8ee80cd .av-special-heading-tag{\nfont-size:0.8em;\n}\n}\n\n@media only screen and (max-width: 479px){ \n#top #wrap_all .av-special-heading.av-av_heading-63f221a450a3cb18c8d2703fb8ee80cd .av-special-heading-tag{\nfont-size:0.8em;\n}\n}\n<\/style>\n<div  class='av-special-heading av-av_heading-63f221a450a3cb18c8d2703fb8ee80cd av-special-heading-h2 blockquote modern-quote modern-centered  avia-builder-el-2  el_before_av_one_fourth  avia-builder-el-first  av-inherit-size'><h2 class='av-special-heading-tag'  itemprop=\"headline\"  >INVESTMENTO<\/h2><div class=\"special-heading-border\"><div class=\"special-heading-inner-border\"><\/div><\/div><\/div>\n\n<style type=\"text\/css\" data-created_by=\"avia_inline_auto\" id=\"style-css-av-av_one_fourth-9497bbf8bff73ea4c6992cc17fa9ec36\">\n.flex_column.av-av_one_fourth-9497bbf8bff73ea4c6992cc17fa9ec36{\n-webkit-border-radius:0px 0px 0px 0px;\n-moz-border-radius:0px 0px 0px 0px;\nborder-radius:0px 0px 0px 0px;\npadding:0px 0px 0px 0px;\n}\n<\/style>\n<div class='flex_column av-av_one_fourth-9497bbf8bff73ea4c6992cc17fa9ec36 av_one_fourth  avia-builder-el-3  el_after_av_heading  el_before_av_one_half  first flex_column_div av-zero-column-padding '     ><\/div>\n<style type=\"text\/css\" data-created_by=\"avia_inline_auto\" id=\"style-css-av-av_one_half-9c1d454dc06f7247226bc4e8f931daae\">\n.flex_column.av-av_one_half-9c1d454dc06f7247226bc4e8f931daae{\n-webkit-border-radius:0px 0px 0px 0px;\n-moz-border-radius:0px 0px 0px 0px;\nborder-radius:0px 0px 0px 0px;\npadding:0px 0px 0px 0px;\n}\n<\/style>\n<div class='flex_column av-av_one_half-9c1d454dc06f7247226bc4e8f931daae av_one_half  avia-builder-el-4  el_after_av_one_fourth  el_before_av_one_fourth  flex_column_div av-zero-column-padding '     ><style type=\"text\/css\" data-created_by=\"avia_inline_auto\" id=\"style-css-av-av_textblock-4aac75dfe5f173a54ef693cf403fe909\">\n#top .av_textblock_section.av-av_textblock-4aac75dfe5f173a54ef693cf403fe909 .avia_textblock{\ncolor:#0a0a0a;\n}\n<\/style>\n<section  class='av_textblock_section av-av_textblock-4aac75dfe5f173a54ef693cf403fe909'  itemscope=\"itemscope\" itemtype=\"https:\/\/schema.org\/CreativeWork\" ><div class='avia_textblock av_inherit_color'  itemprop=\"text\" ><p style=\"text-align: justify;\">Contratando meus servi\u00e7os para registrar seu casamento ou ensaio fotogr\u00e1fico significa que voc\u00ea ir\u00e1 receber o melhor da fotografia, imagens maravilhosas e minha aten\u00e7\u00e3o total.<\/p>\n<p style=\"text-align: justify;\">Contratar meus servi\u00e7os \u00e9 muito f\u00e1cil &#8211; Apenas entre em contato para verificar minha disponibilidade. Voc\u00ea pode me mandar um email para victorguidini@victorguidini.com, usar o formul\u00e1rio de contato ou me ligar \/ sms \/ WhatsApp em +44 7460738617. Se voc\u00ea preferir tamb\u00e9m podemos marcar uma sess\u00e3o pelo Skype para conversar sobre seus planos.<\/p>\n<p style=\"text-align: justify;\">Meus pacotes s\u00e3o organizados de uma forma simples. Basta me dizer quantas horas de fotografia voc\u00ea deseja, local e se vai querer um <a href=\"https:\/\/www.victorguidini.com\/pt-br\/albums-de-casamento\/\">\u00e1lbum.<\/a><\/p>\n<p style=\"text-align: justify;\">Voc\u00ea tamb\u00e9m pode adicionar um fot\u00f3grafo adicional, transmiss\u00e3o pela internet ou videos de realidade virtual.<\/p>\n<p style=\"text-align: justify;\">Uma sess\u00e3o de noivado \/ pre-wedding \u00e9 outra grande oportunidade para a gente fotografar. Basta me contactar e agendaremos sua sess\u00e3o fotogr\u00e1fica.<\/p>\n<\/div><\/section><br \/>\n\n<style type=\"text\/css\" data-created_by=\"avia_inline_auto\" id=\"style-css-av-av_textblock-4aac75dfe5f173a54ef693cf403fe909\">\n#top .av_textblock_section.av-av_textblock-4aac75dfe5f173a54ef693cf403fe909 .avia_textblock{\ncolor:#0a0a0a;\n}\n<\/style>\n<section  class='av_textblock_section av-av_textblock-4aac75dfe5f173a54ef693cf403fe909'  itemscope=\"itemscope\" itemtype=\"https:\/\/schema.org\/CreativeWork\" ><div class='avia_textblock av_inherit_color'  itemprop=\"text\" ><p style=\"text-align: justify;\"><strong>Todos meus pacotes fotogr\u00e1ficos para casamentos incluem:<\/strong><\/p>\n<ul>\n<li>Fotos editadas usando Photoshop<\/li>\n<li>USB &#8211; Pen Drive com as fotos editadas<\/li>\n<li>Galeria online (protegida por senha) para ver, compartilhar, imprimir e baixar suas fotos editadas.<\/li>\n<li>Reuni\u00e3o para detalhes<\/li>\n<li>Impress\u00f5es de 12\u2033 x 8\u2033 (30 x 20 cm)<\/li>\n<\/ul>\n<p><strong>Todos meus pacotes de v\u00eddeo para casamentos incluem:<\/strong><\/p>\n<ul>\n<li>Video com os melhores momentos do casamento<\/li>\n<li>Video com depoimentos dos convidados<\/li>\n<li>Video com a cerim\u00f4nia de casasmento<\/li>\n<\/ul>\n<\/div><\/section><br \/>\n\n<style type=\"text\/css\" data-created_by=\"avia_inline_auto\" id=\"style-css-av-av_hr-4474f20d2389e2e5ecf918a02da5132e\">\n#top .hr.hr-invisible.av-av_hr-4474f20d2389e2e5ecf918a02da5132e{\nheight:50px;\n}\n<\/style>\n<div  class='hr av-av_hr-4474f20d2389e2e5ecf918a02da5132e hr-invisible  avia-builder-el-7  el_after_av_textblock  el_before_av_textblock '><span class='hr-inner '><span class=\"hr-inner-style\"><\/span><\/span><\/div><br \/>\n<section  class='av_textblock_section av-lac9sj3c-98110872d0fed32c406c4bb5c660d457'  itemscope=\"itemscope\" itemtype=\"https:\/\/schema.org\/CreativeWork\" ><div class='avia_textblock'  itemprop=\"text\" ><h3 style=\"text-align: center;\"><strong>PRE\u00c7OS DOS PACOTES DE CASAMENTOS E ENSAIOS<\/strong><\/h3>\n<\/div><\/section><br \/>\n\n<style type=\"text\/css\" data-created_by=\"avia_inline_auto\" id=\"style-css-av-av_hr-4474f20d2389e2e5ecf918a02da5132e\">\n#top .hr.hr-invisible.av-av_hr-4474f20d2389e2e5ecf918a02da5132e{\nheight:50px;\n}\n<\/style>\n<div  class='hr av-av_hr-4474f20d2389e2e5ecf918a02da5132e hr-invisible  avia-builder-el-9  el_after_av_textblock  el_before_av_textblock '><span class='hr-inner '><span class=\"hr-inner-style\"><\/span><\/span><\/div><br \/>\n<section  class='av_textblock_section av-av_textblock-2de302bf1aa3cf4c9157dbe6f50ac7eb'  itemscope=\"itemscope\" itemtype=\"https:\/\/schema.org\/CreativeWork\" ><div class='avia_textblock'  itemprop=\"text\" ><h3 style=\"text-align: left;\"><strong>CASAMENTOS<\/strong><\/h3>\n<p><strong>Foto &amp; Video <\/strong>\u00a0\u2013 Come\u00e7a em \u00a32390 (8 Horas)<\/p>\n<p><strong>Fotografia<\/strong> &#8211; Come\u00e7a em \u00a31390 (8 Horas)<\/p>\n<p><strong>Video<\/strong> &#8211; Come\u00e7a em \u00a31390 (8 Horas)<\/p>\n<p><strong>Itens extras<\/strong><\/p>\n<p>Transmiss\u00e3o ao vivo, realidade virtual, segundo fot\u00f3grafo, impress\u00f5es e \u00e1lbuns.<\/p>\n<p>Entre em <a href=\"https:\/\/www.victorguidini.com\/pt-br\/contato\/\" rel=\"nofollow\">contato<\/a> para mais detalhes<\/p>\n<\/div><\/section><br \/>\n<div  class='hr av-av_hr-34b6fe9e9f66a46e6d69cf6e4e15f130 hr-short  avia-builder-el-11  el_after_av_textblock  el_before_av_textblock  hr-center'><span class='hr-inner '><span class=\"hr-inner-style\"><\/span><\/span><\/div><br \/>\n<section  class='av_textblock_section av-jx9aj9fv-90708dc71c651b3518a03b4ee01c1aec'  itemscope=\"itemscope\" itemtype=\"https:\/\/schema.org\/CreativeWork\" ><div class='avia_textblock'  itemprop=\"text\" ><h3 style=\"text-align: left;\"><strong>ENSAIOS FOTOGR\u00c1FICOS EM LONDRES<\/strong><\/h3>\n<p><b>Fotos de noivado, pre-wedding, ensaios com casais\u00a0<\/b>&#8211;\u00a0 a partir de \u00a3200 (2 horas) \/ \u00a3170 (1 hora)<\/p>\n<p><strong>Ensaio tur\u00edstico \/ ensaio fashion<\/strong>: a partir de \u00a3200 (2 horas) \/ \u00a3170 (1 hora)<\/p>\n<\/div><\/section><\/p><\/div>\n<style type=\"text\/css\" data-created_by=\"avia_inline_auto\" id=\"style-css-av-av_one_fourth-9c1d454dc06f7247226bc4e8f931daae\">\n.flex_column.av-av_one_fourth-9c1d454dc06f7247226bc4e8f931daae{\n-webkit-border-radius:0px 0px 0px 0px;\n-moz-border-radius:0px 0px 0px 0px;\nborder-radius:0px 0px 0px 0px;\npadding:0px 0px 0px 0px;\n}\n<\/style>\n<div class='flex_column av-av_one_fourth-9c1d454dc06f7247226bc4e8f931daae av_one_fourth  avia-builder-el-13  el_after_av_one_half  avia-builder-el-last  flex_column_div av-zero-column-padding '     ><\/div>\n","protected":false},"excerpt":{"rendered":"","protected":false},"author":2,"featured_media":0,"parent":0,"menu_order":0,"comment_status":"closed","ping_status":"closed","template":"","meta":[],"_links":{"self":[{"href":"https:\/\/www.victorguidini.com\/pt-br\/wp-json\/wp\/v2\/pages\/5090"}],"collection":[{"href":"https:\/\/www.victorguidini.com\/pt-br\/wp-json\/wp\/v2\/pages"}],"about":[{"href":"https:\/\/www.victorguidini.com\/pt-br\/wp-json\/wp\/v2\/types\/page"}],"author":[{"embeddable":true,"href":"https:\/\/www.victorguidini.com\/pt-br\/wp-json\/wp\/v2\/users\/2"}],"replies":[{"embeddable":true,"href":"https:\/\/www.victorguidini.com\/pt-br\/wp-json\/wp\/v2\/comments?post=5090"}],"version-history":[{"count":21,"href":"https:\/\/www.victorguidini.com\/pt-br\/wp-json\/wp\/v2\/pages\/5090\/revisions"}],"predecessor-version":[{"id":16555,"href":"https:\/\/www.victorguidini.com\/pt-br\/wp-json\/wp\/v2\/pages\/5090\/revisions\/16555"}],"wp:attachment":[{"href":"https:\/\/www.victorguidini.com\/pt-br\/wp-json\/wp\/v2\/media?parent=5090"}],"curies":[{"name":"wp","href":"https:\/\/api.w.org\/{rel}","templated":true}]}}