{"id":5177,"date":"2017-12-16T19:09:56","date_gmt":"2017-12-16T19:09:56","guid":{"rendered":"https:\/\/www.victorguidini.com\/victor\/"},"modified":"2020-07-20T05:02:59","modified_gmt":"2020-07-20T05:02:59","slug":"fotografo-brasileiro-em-londres","status":"publish","type":"page","link":"https:\/\/www.victorguidini.com\/pt-br\/fotografo-brasileiro-em-londres\/","title":{"rendered":"Fot\u00f3grafo brasileiro em Londres"},"content":{"rendered":"\n<style type=\"text\/css\" data-created_by=\"avia_inline_auto\" id=\"style-css-av-av_section-5d9fe18dbff9ac0e0a80ca511ac6941c\">\n.avia-section.av-av_section-5d9fe18dbff9ac0e0a80ca511ac6941c{\nbackground-repeat:no-repeat;\nbackground-image:url(https:\/\/www.victorguidini.com\/wp-content\/uploads\/2017\/12\/london-skyline-photography.jpg);\nbackground-position:50% 100%;\nbackground-attachment:scroll;\n}\n<\/style>\n<div id='av_section_1'  class='avia-section av-av_section-5d9fe18dbff9ac0e0a80ca511ac6941c main_color avia-section-default avia-no-shadow  avia-builder-el-0  el_before_av_section  avia-builder-el-first  avia-full-contain avia-bg-style-scroll av-minimum-height av-minimum-height-50  container_wrap fullsize'  data-section-bg-repeat='contain' data-av_minimum_height_pc='50'><div class='container av-section-cont-open' ><main  role=\"main\" itemprop=\"mainContentOfPage\"  class='template-page content  av-content-full alpha units'><div class='post-entry post-entry-type-page post-entry-5177'><div class='entry-content-wrapper clearfix'>\n<\/div><\/div><\/main><!-- close content main element --><\/div><\/div>\n<style type=\"text\/css\" data-created_by=\"avia_inline_auto\" id=\"style-css-av-av_section-503c51bb325a4a70592a0ce0f2c03786\">\n.avia-section.av-av_section-503c51bb325a4a70592a0ce0f2c03786{\nbackground-color:#ffffff;\nbackground-image:unset;\n}\n.avia-section.av-av_section-503c51bb325a4a70592a0ce0f2c03786 .av-extra-border-element .av-extra-border-inner{\nbackground-color:#ffffff;\n}\n<\/style>\n<div id='av_section_2'  class='avia-section av-av_section-503c51bb325a4a70592a0ce0f2c03786 main_color avia-section-default avia-no-border-styling  avia-builder-el-1  el_after_av_section  avia-builder-el-last  avia-bg-style-scroll av-arrow-down-section container_wrap fullsize'  ><div class='container av-section-cont-open' ><div class='template-page content  av-content-full alpha units'><div class='post-entry post-entry-type-page post-entry-5177'><div class='entry-content-wrapper clearfix'>\n\n<style type=\"text\/css\" data-created_by=\"avia_inline_auto\" id=\"style-css-av-av_one_fourth-9497bbf8bff73ea4c6992cc17fa9ec36\">\n.flex_column.av-av_one_fourth-9497bbf8bff73ea4c6992cc17fa9ec36{\n-webkit-border-radius:0px 0px 0px 0px;\n-moz-border-radius:0px 0px 0px 0px;\nborder-radius:0px 0px 0px 0px;\npadding:0px 0px 0px 0px;\n}\n<\/style>\n<div class='flex_column av-av_one_fourth-9497bbf8bff73ea4c6992cc17fa9ec36 av_one_fourth  avia-builder-el-2  el_before_av_one_half  avia-builder-el-first  first flex_column_div av-zero-column-padding '     ><\/div>\n<style type=\"text\/css\" data-created_by=\"avia_inline_auto\" id=\"style-css-av-av_one_half-9c1d454dc06f7247226bc4e8f931daae\">\n.flex_column.av-av_one_half-9c1d454dc06f7247226bc4e8f931daae{\n-webkit-border-radius:0px 0px 0px 0px;\n-moz-border-radius:0px 0px 0px 0px;\nborder-radius:0px 0px 0px 0px;\npadding:0px 0px 0px 0px;\n}\n<\/style>\n<div class='flex_column av-av_one_half-9c1d454dc06f7247226bc4e8f931daae av_one_half  avia-builder-el-3  el_after_av_one_fourth  el_before_av_one_fourth  flex_column_div av-zero-column-padding '     ><style type=\"text\/css\" data-created_by=\"avia_inline_auto\" id=\"style-css-av-av_image-404f659d707bf12c735ddeee9b253026\">\n.avia-image-container.av-av_image-404f659d707bf12c735ddeee9b253026 img.avia_image{\nbox-shadow:none;\n}\n.avia-image-container.av-av_image-404f659d707bf12c735ddeee9b253026 .av-image-caption-overlay-center{\ncolor:#ffffff;\n}\n<\/style>\n<div  class='avia-image-container av-av_image-404f659d707bf12c735ddeee9b253026 av-styling-circle avia-align-center  avia-builder-el-4  avia-builder-el-no-sibling '   itemprop=\"image\" itemscope=\"itemscope\" itemtype=\"https:\/\/schema.org\/ImageObject\" ><div class=\"avia-image-container-inner\"><div class=\"avia-image-overlay-wrap\"><img class='wp-image-13243 avia-img-lazy-loading-not-13243 avia_image ' src='https:\/\/www.victorguidini.com\/wp-content\/uploads\/2017\/12\/Photographer.jpg' alt='' title='Photographer'  height=\"400\" width=\"400\"  itemprop=\"thumbnailUrl\"  \/><\/div><\/div><\/div><\/div>\n<style type=\"text\/css\" data-created_by=\"avia_inline_auto\" id=\"style-css-av-av_one_fourth-9c1d454dc06f7247226bc4e8f931daae\">\n.flex_column.av-av_one_fourth-9c1d454dc06f7247226bc4e8f931daae{\n-webkit-border-radius:0px 0px 0px 0px;\n-moz-border-radius:0px 0px 0px 0px;\nborder-radius:0px 0px 0px 0px;\npadding:0px 0px 0px 0px;\n}\n<\/style>\n<div class='flex_column av-av_one_fourth-9c1d454dc06f7247226bc4e8f931daae av_one_fourth  avia-builder-el-5  el_after_av_one_half  el_before_av_hr  flex_column_div av-zero-column-padding '     ><\/div><div  class='hr av-av_hr-34b6fe9e9f66a46e6d69cf6e4e15f130 hr-short  avia-builder-el-6  el_after_av_one_fourth  el_before_av_one_fourth  hr-center'><span class='hr-inner '><span class=\"hr-inner-style\"><\/span><\/span><\/div>\n\n<style type=\"text\/css\" data-created_by=\"avia_inline_auto\" id=\"style-css-av-av_one_fourth-9497bbf8bff73ea4c6992cc17fa9ec36\">\n.flex_column.av-av_one_fourth-9497bbf8bff73ea4c6992cc17fa9ec36{\n-webkit-border-radius:0px 0px 0px 0px;\n-moz-border-radius:0px 0px 0px 0px;\nborder-radius:0px 0px 0px 0px;\npadding:0px 0px 0px 0px;\n}\n<\/style>\n<div class='flex_column av-av_one_fourth-9497bbf8bff73ea4c6992cc17fa9ec36 av_one_fourth  avia-builder-el-7  el_after_av_hr  el_before_av_one_half  first flex_column_div av-zero-column-padding '     ><\/div>\n<style type=\"text\/css\" data-created_by=\"avia_inline_auto\" id=\"style-css-av-av_one_half-9c1d454dc06f7247226bc4e8f931daae\">\n.flex_column.av-av_one_half-9c1d454dc06f7247226bc4e8f931daae{\n-webkit-border-radius:0px 0px 0px 0px;\n-moz-border-radius:0px 0px 0px 0px;\nborder-radius:0px 0px 0px 0px;\npadding:0px 0px 0px 0px;\n}\n<\/style>\n<div class='flex_column av-av_one_half-9c1d454dc06f7247226bc4e8f931daae av_one_half  avia-builder-el-8  el_after_av_one_fourth  el_before_av_one_fourth  flex_column_div av-zero-column-padding '     ><section  class='av_textblock_section av-av_textblock-2de302bf1aa3cf4c9157dbe6f50ac7eb'  itemscope=\"itemscope\" itemtype=\"https:\/\/schema.org\/CreativeWork\" ><div class='avia_textblock'  itemprop=\"text\" ><h2 style=\"text-align: center;\">Victor Guidini<\/h2>\n<h2 style=\"text-align: center;\">Fot\u00f3grafo brasileiro em Londres \/\u00a0Europa<\/h2>\n<p>Ol\u00e1, meu nome \u00e9 Victor e sou um cinegrafista e fot\u00f3grafo brasileiro em Londres \/ Europa. Eu fa\u00e7o fotos e videos de casais e turistas que querem registrar os momentos mais importantes de suas vidas &#8211; capturando imagens que far\u00e3o voc\u00ea lembrar de emo\u00e7\u00f5es ligadas a estes momentos especiais, que ser\u00e3o lembrados por gera\u00e7\u00f5es.<\/p>\n<p>Vivendo em Londres me deu a oportunidade de fotografar todos os tipos de casais e casamentos, dos mais tradicionais at\u00e9 os mais contempor\u00e2neos. Tenho trabalhado fotografando casais do mundo inteiro, com as mais variadas culturas. Se voc\u00ea quer ter seu casamento, elopement, ou noivado fotografado em um pa\u00eds diferente basta entrar em contato &#8211; Eu adoro um destination wedding! J\u00e1 fotografei casais por pa\u00edses como Espanha, Gr\u00e9cia, Irlanda, Fran\u00e7a, Inglaterra, Brasil, Portugal, Dinamarca, Alemanha&#8230;<\/p>\n<p>Tenho todo o <em>know-how<\/em> e a log\u00edstica requerida para fotografar seu destination wedding. Estou sempre disposto a ouvir suas ideias, das mais simples at\u00e9 as mais estranhas! Meu objetivo \u00e9 sempre fotografar as mais bel\u00edssimas imagens, proporcionando uma sess\u00e3o fotogr\u00e1fica tranquila e sem stress.<\/p>\n<p>Al\u00e9m de trabalhar como fot\u00f3grafo e cinegrafista de casamentos e casais, tenho mais de 20 anos de trabalho com artes. Eu j\u00e1 trabalhei como cameraman e fot\u00f3grafo para v\u00e1rias empresas como The Telegraph, British Airways, Dorchester Hotel, Marinha Brasileira, Rede Record; assim como j\u00e1 fotografei profissionalmente em lugares como o Buckingham Palace, St James&#8217;s Palace e o Aeroporto de Heathrow.<\/p>\n<p>Tamb\u00e9m j\u00e1 trabalhei como m\u00fasico profissional at\u00e9 2007 e fui respons\u00e1vel pelo est\u00fadio de som do Museu da Imagem e do Som (MIS-SP) entre 2009 e 2012. Fiz faculdade de m\u00fasica na UDESC e um mestrado em Cinema na Birkbeck &#8211; University of London.<\/p>\n<p>J\u00e1 exibi meus filmes e fotos em muitos lugares, como Festival de foto de Tiradentes, Portobello Film Festival, the Menier Gallery, ME Hotel, Candid Art Trust, the Nesta Gallery e muitos outros. Minhas fotos j\u00e1 ganharam varios pr\u00eamio de renomadas institui\u00e7\u00f5es como a London School of Photography and National Geographic.<\/p>\n<p>Eu me sinto muito feliz por ser um <a href=\"https:\/\/www.victorguidini.com\/pt-br\/\">fot\u00f3grafo e cinegrafista<\/a> em per\u00edodo integral. Apesar de casamentos, casais e ensaios turisticos serem meu maior foco, eu tamb\u00e9m fotografo retratos, boudoir, shows, comercial, fine-art&#8230; e dou aulas para fot\u00f3grafos. Se voc\u00ea quer saber um pouco mais sobre estes projetos, pode acessar neste website:\u00a0 <a href=\"https:\/\/www.victorguidini.co.uk\" rel=\"nofollow\">https:\/\/www.victorguidini.co.uk<\/a> (somente em ingl\u00eas, por enquanto)<\/p>\n<p>Se voc\u00ea quer contratar meus servi\u00e7os de fotografia e video em Londres (ou pela Europa), basta escrever para\u00a0<a href=\"mailto:victorguidini@victorguidini.com\">victorguidini@victorguidini.com<\/a>\u00a0 ou ligar \/ whatsapp: +44 7460738617<\/p>\n<h2>Fotografia e video em Londres \/ Europa<\/h2>\n<p>Nos links abaixo voc\u00ea pode encontrar mais informa\u00e7\u00f5es sobre ensaios fotograficos em Londres e na Europa, fotografia e video para\u00a0casamentos e eventos corporativos:<\/p>\n<p><a href=\"https:\/\/www.victorguidini.com\/pt-br\/ensaio-fotografico-londres\/\">Ensaios de casais em Londres &#8211; Pre-wedding, lua de mel, renova\u00e7\u00e3o de votos<\/a><\/p>\n<p><a href=\"https:\/\/www.victorguidini.com\/pt-br\/ensaio-fotografico-londres\/#1234\">Ensaios turisticos em Londres &#8211; turismo \/ fashion \/ blogueiros<\/a><\/p>\n<p><a href=\"https:\/\/www.victorguidini.com\/pt-br\/fotografia-de-casamentos-no-exterior\/\">Fotografia de casamentos em Londres e Europa<\/a><\/p>\n<p><a href=\"https:\/\/www.victorguidini.com\/pt-br\/produtora-brasileira-em-londres-inglaterra-europa\/\">Fotografia e video comercial<\/a><\/p>\n<\/div><\/section><\/div>\n<style type=\"text\/css\" data-created_by=\"avia_inline_auto\" id=\"style-css-av-av_one_fourth-9c1d454dc06f7247226bc4e8f931daae\">\n.flex_column.av-av_one_fourth-9c1d454dc06f7247226bc4e8f931daae{\n-webkit-border-radius:0px 0px 0px 0px;\n-moz-border-radius:0px 0px 0px 0px;\nborder-radius:0px 0px 0px 0px;\npadding:0px 0px 0px 0px;\n}\n<\/style>\n<div class='flex_column av-av_one_fourth-9c1d454dc06f7247226bc4e8f931daae av_one_fourth  avia-builder-el-10  el_after_av_one_half  el_before_av_hr  flex_column_div av-zero-column-padding '     ><\/div><div  class='hr av-av_hr-dcd2069817a0e3d34ae04cad8f3443c7 hr-default  avia-builder-el-11  el_after_av_one_fourth  el_before_av_textblock '><span class='hr-inner '><span class=\"hr-inner-style\"><\/span><\/span><\/div>\n<section  class='av_textblock_section av-av_textblock-2de302bf1aa3cf4c9157dbe6f50ac7eb'  itemscope=\"itemscope\" itemtype=\"https:\/\/schema.org\/CreativeWork\" ><div class='avia_textblock'  itemprop=\"text\" ><p style=\"text-align: center;\">Abaixo algumas das minhas &#8220;favorite things&#8221;<\/p>\n<\/div><\/section>\n\n<style type=\"text\/css\" data-created_by=\"avia_inline_auto\" id=\"style-css-av-av_one_fourth-9497bbf8bff73ea4c6992cc17fa9ec36\">\n.flex_column.av-av_one_fourth-9497bbf8bff73ea4c6992cc17fa9ec36{\n-webkit-border-radius:0px 0px 0px 0px;\n-moz-border-radius:0px 0px 0px 0px;\nborder-radius:0px 0px 0px 0px;\npadding:0px 0px 0px 0px;\n}\n<\/style>\n<div class='flex_column av-av_one_fourth-9497bbf8bff73ea4c6992cc17fa9ec36 av_one_fourth  avia-builder-el-13  el_after_av_textblock  el_before_av_one_fourth  first flex_column_div av-zero-column-padding column-top-margin'     ><\/div>\n<style type=\"text\/css\" data-created_by=\"avia_inline_auto\" id=\"style-css-av-av_one_fourth-9c1d454dc06f7247226bc4e8f931daae\">\n.flex_column.av-av_one_fourth-9c1d454dc06f7247226bc4e8f931daae{\n-webkit-border-radius:0px 0px 0px 0px;\n-moz-border-radius:0px 0px 0px 0px;\nborder-radius:0px 0px 0px 0px;\npadding:0px 0px 0px 0px;\n}\n<\/style>\n<div class='flex_column av-av_one_fourth-9c1d454dc06f7247226bc4e8f931daae av_one_fourth  avia-builder-el-14  el_after_av_one_fourth  el_before_av_one_fourth  flex_column_div av-zero-column-padding column-top-margin'     ><p>\n<style type=\"text\/css\" data-created_by=\"avia_inline_auto\" id=\"style-css-av-av_image-0164b54c44fc68253db9302e984c88b0\">\n.avia-image-container.av-av_image-0164b54c44fc68253db9302e984c88b0 img.avia_image{\nbox-shadow:none;\n}\n.avia-image-container.av-av_image-0164b54c44fc68253db9302e984c88b0 .av-image-caption-overlay-center{\ncolor:#ffffff;\n}\n<\/style>\n<div  class='avia-image-container av-av_image-0164b54c44fc68253db9302e984c88b0 av-styling- avia-align-center  avia-builder-el-15  el_before_av_image  avia-builder-el-first '   itemprop=\"image\" itemscope=\"itemscope\" itemtype=\"https:\/\/schema.org\/ImageObject\" ><div class=\"avia-image-container-inner\"><div class=\"avia-image-overlay-wrap\"><img class='wp-image-13255 avia-img-lazy-loading-not-13255 avia_image ' src='https:\/\/www.victorguidini.com\/wp-content\/uploads\/2017\/12\/iceland-photographer.jpg' alt='' title='iceland-photographer'  height=\"250\" width=\"375\"  itemprop=\"thumbnailUrl\"  \/><\/div><\/div><\/div><br \/>\n\n<style type=\"text\/css\" data-created_by=\"avia_inline_auto\" id=\"style-css-av-av_image-e7ec3d36dd4bbdebe8b6ce204640d5bf\">\n.avia-image-container.av-av_image-e7ec3d36dd4bbdebe8b6ce204640d5bf img.avia_image{\nbox-shadow:none;\n}\n.avia-image-container.av-av_image-e7ec3d36dd4bbdebe8b6ce204640d5bf .av-image-caption-overlay-center{\ncolor:#ffffff;\n}\n<\/style>\n<div  class='avia-image-container av-av_image-e7ec3d36dd4bbdebe8b6ce204640d5bf av-styling- avia-align-center  avia-builder-el-16  el_after_av_image  avia-builder-el-last '   itemprop=\"image\" itemscope=\"itemscope\" itemtype=\"https:\/\/schema.org\/ImageObject\" ><div class=\"avia-image-container-inner\"><div class=\"avia-image-overlay-wrap\"><img class='wp-image-13252 avia-img-lazy-loading-not-13252 avia_image ' src='https:\/\/www.victorguidini.com\/wp-content\/uploads\/2017\/12\/beach-wedding-photographer-1-1.jpg' alt='' title='beach-wedding-photographer-1'  height=\"250\" width=\"375\"  itemprop=\"thumbnailUrl\"  \/><\/div><\/div><\/div><\/p><\/div>\n<style type=\"text\/css\" data-created_by=\"avia_inline_auto\" id=\"style-css-av-av_one_fourth-9c1d454dc06f7247226bc4e8f931daae\">\n.flex_column.av-av_one_fourth-9c1d454dc06f7247226bc4e8f931daae{\n-webkit-border-radius:0px 0px 0px 0px;\n-moz-border-radius:0px 0px 0px 0px;\nborder-radius:0px 0px 0px 0px;\npadding:0px 0px 0px 0px;\n}\n<\/style>\n<div class='flex_column av-av_one_fourth-9c1d454dc06f7247226bc4e8f931daae av_one_fourth  avia-builder-el-17  el_after_av_one_fourth  el_before_av_one_fourth  flex_column_div av-zero-column-padding column-top-margin'     ><p>\n<style type=\"text\/css\" data-created_by=\"avia_inline_auto\" id=\"style-css-av-av_image-f99b82ef6e3c607929da6cb841b4a7ba\">\n.avia-image-container.av-av_image-f99b82ef6e3c607929da6cb841b4a7ba img.avia_image{\nbox-shadow:none;\n}\n.avia-image-container.av-av_image-f99b82ef6e3c607929da6cb841b4a7ba .av-image-caption-overlay-center{\ncolor:#ffffff;\n}\n<\/style>\n<div  class='avia-image-container av-av_image-f99b82ef6e3c607929da6cb841b4a7ba av-styling- avia-align-center  avia-builder-el-18  el_before_av_image  avia-builder-el-first '   itemprop=\"image\" itemscope=\"itemscope\" itemtype=\"https:\/\/schema.org\/ImageObject\" ><div class=\"avia-image-container-inner\"><div class=\"avia-image-overlay-wrap\"><img class='wp-image-13249 avia-img-lazy-loading-not-13249 avia_image ' src='https:\/\/www.victorguidini.com\/wp-content\/uploads\/2017\/12\/balloon-capadocia-photography-1.jpg' alt='' title='balloon-capadocia-photography'  height=\"250\" width=\"375\"  itemprop=\"thumbnailUrl\"  \/><\/div><\/div><\/div><br \/>\n\n<style type=\"text\/css\" data-created_by=\"avia_inline_auto\" id=\"style-css-av-av_image-cd5886661880b4a57dbb50ec55f5044c\">\n.avia-image-container.av-av_image-cd5886661880b4a57dbb50ec55f5044c img.avia_image{\nbox-shadow:none;\n}\n.avia-image-container.av-av_image-cd5886661880b4a57dbb50ec55f5044c .av-image-caption-overlay-center{\ncolor:#ffffff;\n}\n<\/style>\n<div  class='avia-image-container av-av_image-cd5886661880b4a57dbb50ec55f5044c av-styling- avia-align-center  avia-builder-el-19  el_after_av_image  avia-builder-el-last '   itemprop=\"image\" itemscope=\"itemscope\" itemtype=\"https:\/\/schema.org\/ImageObject\" ><div class=\"avia-image-container-inner\"><div class=\"avia-image-overlay-wrap\"><img class='wp-image-13258 avia-img-lazy-loading-not-13258 avia_image ' src='https:\/\/www.victorguidini.com\/wp-content\/uploads\/2017\/12\/music-wedding-photographer-1.jpg' alt='' title='music-wedding-photographer'  height=\"250\" width=\"375\"  itemprop=\"thumbnailUrl\"  \/><\/div><\/div><\/div><\/p><\/div>\n<style type=\"text\/css\" data-created_by=\"avia_inline_auto\" id=\"style-css-av-av_one_fourth-9c1d454dc06f7247226bc4e8f931daae\">\n.flex_column.av-av_one_fourth-9c1d454dc06f7247226bc4e8f931daae{\n-webkit-border-radius:0px 0px 0px 0px;\n-moz-border-radius:0px 0px 0px 0px;\nborder-radius:0px 0px 0px 0px;\npadding:0px 0px 0px 0px;\n}\n<\/style>\n<div class='flex_column av-av_one_fourth-9c1d454dc06f7247226bc4e8f931daae av_one_fourth  avia-builder-el-20  el_after_av_one_fourth  el_before_av_one_fourth  flex_column_div av-zero-column-padding column-top-margin'     ><\/div>\n<style type=\"text\/css\" data-created_by=\"avia_inline_auto\" id=\"style-css-av-av_one_fourth-15d750bd1b332b34c6e70b077ebbccdf\">\n.flex_column.av-av_one_fourth-15d750bd1b332b34c6e70b077ebbccdf{\n-webkit-border-radius:0px 0px 0px 0px;\n-moz-border-radius:0px 0px 0px 0px;\nborder-radius:0px 0px 0px 0px;\npadding:0px 0px 0px 0px;\n}\n<\/style>\n<div class='flex_column av-av_one_fourth-15d750bd1b332b34c6e70b077ebbccdf av_one_fourth  avia-builder-el-21  el_after_av_one_fourth  el_before_av_one_half  first flex_column_div av-zero-column-padding column-top-margin'     ><\/div>\n<style type=\"text\/css\" data-created_by=\"avia_inline_auto\" id=\"style-css-av-av_one_half-c8fc129dc35fd1ae2a1e410224d39ea8\">\n.flex_column.av-av_one_half-c8fc129dc35fd1ae2a1e410224d39ea8{\n-webkit-border-radius:0px 0px 0px 0px;\n-moz-border-radius:0px 0px 0px 0px;\nborder-radius:0px 0px 0px 0px;\npadding:0px 0px 0px 0px;\n}\n<\/style>\n<div class='flex_column av-av_one_half-c8fc129dc35fd1ae2a1e410224d39ea8 av_one_half  avia-builder-el-22  el_after_av_one_fourth  el_before_av_one_fourth  flex_column_div av-zero-column-padding column-top-margin'     ><section  class='av_textblock_section av-av_textblock-2de302bf1aa3cf4c9157dbe6f50ac7eb'  itemscope=\"itemscope\" itemtype=\"https:\/\/schema.org\/CreativeWork\" ><div class='avia_textblock'  itemprop=\"text\" ><p style=\"text-align: center;\"><strong>Fot\u00f3grafo brasileiro em Londres<\/strong><\/p>\n<p style=\"text-align: center;\"><strong>Victor Guidini<\/strong><\/p>\n<\/div><\/section><\/div>\n<style type=\"text\/css\" data-created_by=\"avia_inline_auto\" id=\"style-css-av-av_one_fourth-c8fc129dc35fd1ae2a1e410224d39ea8\">\n.flex_column.av-av_one_fourth-c8fc129dc35fd1ae2a1e410224d39ea8{\n-webkit-border-radius:0px 0px 0px 0px;\n-moz-border-radius:0px 0px 0px 0px;\nborder-radius:0px 0px 0px 0px;\npadding:0px 0px 0px 0px;\n}\n<\/style>\n<div class='flex_column av-av_one_fourth-c8fc129dc35fd1ae2a1e410224d39ea8 av_one_fourth  avia-builder-el-24  el_after_av_one_half  avia-builder-el-last  flex_column_div av-zero-column-padding column-top-margin'     ><\/div>\n","protected":false},"excerpt":{"rendered":"","protected":false},"author":2,"featured_media":0,"parent":0,"menu_order":0,"comment_status":"open","ping_status":"open","template":"","meta":[],"_links":{"self":[{"href":"https:\/\/www.victorguidini.com\/pt-br\/wp-json\/wp\/v2\/pages\/5177"}],"collection":[{"href":"https:\/\/www.victorguidini.com\/pt-br\/wp-json\/wp\/v2\/pages"}],"about":[{"href":"https:\/\/www.victorguidini.com\/pt-br\/wp-json\/wp\/v2\/types\/page"}],"author":[{"embeddable":true,"href":"https:\/\/www.victorguidini.com\/pt-br\/wp-json\/wp\/v2\/users\/2"}],"replies":[{"embeddable":true,"href":"https:\/\/www.victorguidini.com\/pt-br\/wp-json\/wp\/v2\/comments?post=5177"}],"version-history":[{"count":21,"href":"https:\/\/www.victorguidini.com\/pt-br\/wp-json\/wp\/v2\/pages\/5177\/revisions"}],"predecessor-version":[{"id":16543,"href":"https:\/\/www.victorguidini.com\/pt-br\/wp-json\/wp\/v2\/pages\/5177\/revisions\/16543"}],"wp:attachment":[{"href":"https:\/\/www.victorguidini.com\/pt-br\/wp-json\/wp\/v2\/media?parent=5177"}],"curies":[{"name":"wp","href":"https:\/\/api.w.org\/{rel}","templated":true}]}}